{"id":7,"date":"2013-04-01T20:44:39","date_gmt":"2013-04-01T20:44:39","guid":{"rendered":"https:\/\/bbheating.sk\/?page_id=6"},"modified":"2018-02-15T10:25:11","modified_gmt":"2018-02-15T10:25:11","slug":"ponuka","status":"publish","type":"page","link":"https:\/\/bbheating.sk\/?page_id=7","title":{"rendered":"Ponuka"},"content":{"rendered":"<h3 style=\"text-align: center;\"><span style=\"color: #ff0000;\">BB HEATING s.r.o. <span style=\"color: #808080;\">V\u00e1m pon\u00faka kompletn\u00fd program<\/span> Viessmann<\/span><\/h3>\n<h3><span style=\"color: #ff0000;\">Ak\u00fd vykurovac\u00ed syst\u00e9m?<\/span><\/h3>\n<p><img loading=\"lazy\" decoding=\"async\" class=\"size-full wp-image-216 alignright\" title=\"viessmann_logo_index\" src=\"https:\/\/bbheating.sk\/wp-content\/uploads\/2011\/02\/viessmann_logo_index.jpg\" alt=\"\" width=\"570\" height=\"250\" srcset=\"https:\/\/bbheating.sk\/wp-content\/uploads\/2011\/02\/viessmann_logo_index.jpg 570w, https:\/\/bbheating.sk\/wp-content\/uploads\/2011\/02\/viessmann_logo_index-300x131.jpg 300w\" sizes=\"(max-width: 570px) 100vw, 570px\" \/><\/p>\n<p>Ktor\u00fd vykurovac\u00ed syst\u00e9m z ucelenej ponuky firmy Viessmann je pre va\u0161u budovu ten najvhodnej\u0161\u00ed?<\/p>\n<p>Potrebujeme cel\u00e9 technologick\u00e9 spektrum, ktor\u00e9 m\u00e1me k dispoz\u00edcii. To, \u010do je treba zmysluplne pou\u017ei\u0165, z\u00e1vis\u00ed od konkr\u00e9tneho pr\u00edpadu \u2013 od po\u017eadovan\u00e9ho v\u00fdkonu, od zdroja energie, ktor\u00fd je k dispoz\u00edcii a v neposlednom rade aj od individu\u00e1lnych n\u00e1rokov prev\u00e1dzkovate\u013ea zariadenia.<\/p>\n<p>Na z\u00e1klade nasleduj\u00faceho preh\u013eadu m\u00f4\u017eete r\u00fdchlo a jednoducho ziti\u0165, ktor\u00fd vykurovac\u00ed syst\u00e9m je pre v\u00e1s ten najvhodnej\u0161\u00ed.<\/p>\n<div class=\"ff-root fruitful_tabs type-default from-shortcodes\" data-type=\"default\"\n\t data-break=\"767\" >\n\t<br \/>\n<div class=\"fruitful_tabs_tab\">\n\t<div class=\"ff-inside\">\n\t\t\t\t\t<h4 class=\"ff-title\">Plynov\u00e1 kondenza\u010dn\u00e1 technika<\/h4>\n\t\t\t\t<div class=\"ff-tab-content\">\n\t\t\t<\/p>\n<h2 class=\"section\">Plynov\u00e1 kondenza\u010dn\u00e1 technika<\/h2>\n<ul>\n<li>M\u00e1te dom bez pivnice.<\/li>\n<li>U\u017e m\u00e1te plynov\u00fa pr\u00edpojku.<\/li>\n<li>Chcete zdroj tepla s dobr\u00fdm pomerom v\u00fdkonu a ceny.<\/li>\n<li>Viete, \u017ee z\u00e1soby plynu posta\u010dia na 70 rokov.<\/li>\n<li>Viete, \u017ee kondenza\u010dn\u00e1 technika na vykurovac\u00ed olej pon\u00faka v\u010faka bioplynu perspekt\u00edvu do bud\u00facnosti.<\/li>\n<\/ul>\n<p style=\"text-align: left;\"><a class=\" vi_icon_link__list\" href=\"https:\/\/bbheating.sk\/?page_id=31\">Program plynovej kondenza\u010dnej techniky<\/a>\u00a0\u2192<\/p>\n<p>\t\t<\/div>\n\t<\/div>\n<\/div><br \/>\n<div class=\"fruitful_tabs_tab\">\n\t<div class=\"ff-inside\">\n\t\t\t\t\t<h4 class=\"ff-title\">Drevo \/ pelety<\/h4>\n\t\t\t\t<div class=\"ff-tab-content\">\n\t\t\t<\/p>\n<h2>Drevo \/ pelety<\/h2>\n<ul>\n<li>M\u00e1te k dispoz\u00edcii sklad.<\/li>\n<li>M\u00e1te miesto pre vyrovn\u00e1vac\u00ed z\u00e1sobn\u00edk s objemom a\u017e 1 000 litrov.<\/li>\n<li>Chcete by\u0165 nez\u00e1vislej\u0161\u00edm od oleja a plynu a vy\u0161\u0161ia invest\u00edcia v\u00e1m pritom nevad\u00ed.<\/li>\n<\/ul>\n<p style=\"text-align: left;\"><a class=\" vi_icon_link__list\" href=\"https:\/\/bbheating.sk\/?page_id=332\">Program kotlov na biomasu<\/a>\u2192<\/p>\n<p style=\"text-align: left;\"><a href=\"https:\/\/bbheating.sk\/?page_id=330\">Drevo<\/a>\u2192<\/p>\n<p>\t\t<\/div>\n\t<\/div>\n<\/div><br \/>\n<div class=\"fruitful_tabs_tab\">\n\t<div class=\"ff-inside\">\n\t\t\t\t\t<h4 class=\"ff-title\">Tepeln\u00e9 \u010derpadlo<\/h4>\n\t\t\t\t<div class=\"ff-tab-content\">\n\t\t\t<\/p>\n<h2>Tepeln\u00e9 \u010derpadlo<\/h2>\n<ul>\n<li>M\u00e1te podlahov\u00e9 vykurovanie alebo ve\u013ekoryso dimenzovan\u00e9 vykurovacie plochy.<\/li>\n<li>M\u00e1te tepelne dobre izolovan\u00fd dom.<\/li>\n<li>Na svojom pozemku m\u00f4\u017eete vykona\u0165 vrt alebo alternat\u00edvne nain\u0161talova\u0165 \u013eadov\u00fd z\u00e1sobn\u00edk alebo pre vzduchov\u00e9 tepeln\u00e9 \u010derpadlo pon\u00faknu\u0165 miesto na in\u0161tal\u00e1ciu.<\/li>\n<li>M\u00e1te miesto pre vyrovn\u00e1vac\u00ed z\u00e1sobn\u00edk s objemom a\u017e 1 000 litrov.<\/li>\n<li>Chcete by\u0165 nez\u00e1vislej\u0161\u00edm od oleja a plynu a vy\u0161\u0161ia invest\u00edcia v\u00e1m pritom nevad\u00ed.<\/li>\n<li>Po\u010das leta chcete vyu\u017ei\u0165 technol\u00f3giu \u201enatural cooling\u201c.<\/li>\n<\/ul>\n<p style=\"text-align: left;\"><a class=\" vi_icon_link__list\" href=\"https:\/\/bbheating.sk\/?page_id=328\">Program tepeln\u00fdch \u010derpadiel<\/a>\u2192<\/p>\n<p>\t\t<\/div>\n\t<\/div>\n<\/div><br \/>\n<div class=\"fruitful_tabs_tab\">\n\t<div class=\"ff-inside\">\n\t\t\t\t\t<h4 class=\"ff-title\">Energia zo slnka<\/h4>\n\t\t\t\t<div class=\"ff-tab-content\">\n\t\t\t<\/p>\n<h2>Energia zo slnka<\/h2>\n<ul>\n<li>Chcete vyu\u017ei\u0165 bezplatn\u00fa energiu slnka na pr\u00edpravu teplej vody a podporu vykurovania.<\/li>\n<li>B\u00fdvate v rodinnom dome \u010di radovom dome s nezatienenou strechou orientovanou ju\u017ene, z\u00e1padne alebo v\u00fdchodne.<\/li>\n<\/ul>\n<p><a href=\"https:\/\/bbheating.sk\/?page_id=42\">Program sol\u00e1rnych syst\u00e9mov \u2192 <\/a><br \/>\n\t\t<\/div>\n\t<\/div>\n<\/div><br \/>\n<div class=\"fruitful_tabs_tab\">\n\t<div class=\"ff-inside\">\n\t\t\t\t\t<h4 class=\"ff-title\">Zdru\u017een\u00e1 v\u00fdroba tepla a elektriny<\/h4>\n\t\t\t\t<div class=\"ff-tab-content\">\n\t\t\t<\/p>\n<h2>Zdru\u017een\u00e1 v\u00fdroba tepla a elektriny<\/h2>\n<ul>\n<li>Vykurujete plynom, alebo m\u00e1te plynov\u00fa pr\u00edpojku?<\/li>\n<li>Spotrebujete viac ako 2 000 m\u00b3 zemn\u00e9ho plynu (zodpoved\u00e1 cca 2 000 litrom vykurovacieho oleja) alebo plat\u00edte mesa\u010dne viac ako 120,- \u20ac za plyn?<\/li>\n<li>Spotrebujete ro\u010dne viac ako 3 000 kWh alebo plat\u00edte mesa\u010dne viac ako 55,- \u20ac za elektrinu?<\/li>\n<li>Chcete optimalizova\u0165 \u00fa\u010dinnos\u0165 v\u00e1\u0161ho vykurovania a zn\u00ed\u017ei\u0165 va\u0161e \u00fa\u010dty za elektrinu o cca 50 %?<\/li>\n<li>Chcete z\u00edska\u0165 dot\u00e1cie?<\/li>\n<\/ul>\n<p style=\"text-align: left;\"><a class=\" vi_icon_link__list\" href=\"https:\/\/bbheating.sk\/?page_id=339\">V\u00fdrobn\u00fd program zdru\u017eenej v\u00fdroby tepla a elektriny<\/a>\u2192<\/p>\n<p>\t\t<\/div>\n\t<\/div>\n<\/div><br \/>\n<div class=\"fruitful_tabs_tab\">\n\t<div class=\"ff-inside\">\n\t\t\t\t\t<h4 class=\"ff-title\">Viessmann<\/h4>\n\t\t\t\t<div class=\"ff-tab-content\">\n\t\t\t<\/p>\n<p><small><img loading=\"lazy\" decoding=\"async\" class=\"size-full wp-image-218 alignleft\" src=\"https:\/\/bbheating.sk\/wp-content\/uploads\/2012\/06\/viessmann.gif\" alt=\"viessmann\" width=\"203\" height=\"66\" \/>Viessmann je technologick\u00fdm priekopn\u00edkom vykurovacieho odvetvia Kompletn\u00fd program Viessmann poskytuje individu\u00e1lne rie\u0161enia s efekt\u00edvnymi syst\u00e9mami pre v\u0161etky oblasti pou\u017eitia a v\u0161etky druhy energi\u00ed. Ako priekopn\u00edk ochrany \u017eivotn\u00e9ho prostredia dod\u00e1va firma u\u017e po desa\u0165ro\u010dia mimoriadne efekt\u00edvne vykurovacie syst\u00e9my s minimalizovan\u00fdmi \u0161kodlivami pre \u25baolej \u25baplyn \u25basol\u00e1rne syst\u00e9my, ako aj vykurovacie syst\u00e9my na \u25baobnovite\u013en\u00e9 suroviny a \u25batepeln\u00e9 \u010derpadl\u00e1.\u00a0<\/small><\/p>\n<p><small>Kompletn\u00fd program Viessmann poskytuje \u0161pi\u010dkov\u00fa technol\u00f3giu a ud\u00e1v\u00e1 smer V\u010faka vysokej energetickej efekt\u00edvnosti pom\u00e1ha \u0161etri\u0165 n\u00e1klady na vykurovanie a je spr\u00e1vnou vo\u013ebou aj z h\u013eadiska ekol\u00f3gie. V\u0161etky v\u00fdrobky firmy Viessmann vyhovuj\u00fa smerniciam, ktor\u00e9 sa t\u00fdkaj\u00fa zamedzenia a zmiernenia zne\u010distenia \u017eivotn\u00e9ho prostredia emisiami, ktor\u00e9 s\u00fa platn\u00e9 v celej Eur\u00f3pe. Firma Viessmann c\u00edti povinnos\u0165 chr\u00e1ni\u0165 \u010do najlep\u0161ie \u017eivotn\u00e9 prostredie a zdroje. K tomu firma pou\u017e\u00edva nejlep\u0161iu dostupn\u00fa techniku na v\u00fdrobu tepla.<\/small><\/p>\n<p><small>Individu\u00e1lne hospod\u00e1rne rie\u0161enia Viessmann m\u00e1 pre ka\u017ed\u00fa potrebu vhodn\u00fd vykurovac\u00ed syst\u00e9m, n\u00e1stenn\u00fd a stacion\u00e1rny, s mo\u017enos\u0165ou individu\u00e1lnej kombin\u00e1cie, progres\u00edvny a hospod\u00e1rny. Bu\u010f pre rodinn\u00e9 a dvojgenera\u010dn\u00e9 domy, pre ve\u013ek\u00e9 obytn\u00e9 budovy, pre podnikanie a priemysel alebo pre siete centr\u00e1lneho vykurovania. Pritom nie je d\u00f4le\u017eit\u00e9, \u010di je zariadenie ur\u010den\u00e9 pre moderniz\u00e1ciu alebo novostavbu. Viessmann vyv\u00edja a vyr\u00e1ba inova\u010dn\u00e9 vykurovacie syst\u00e9my, ktor\u00e9 presved\u010dia \u0161pi\u010dkovou kvalitou, energetickou efektivitou a dlhou \u017eivotnos\u0165ou. Mnoho t\u00fdch v\u00fdrobkov sa stalo mi\u013en\u00edkom vykurovacej techniky.<\/small><\/p>\n<p><small>Kogenera\u010dn\u00e9 jednotky &#8211; <a href=\"https:\/\/bbheating.sk\/?page_id=31\">Kondenza\u010dn\u00e9 plynov\u00e9 kotly<\/a> &#8211; <a href=\"https:\/\/bbheating.sk\/?page_id=33\">Plynov\u00e9 kotly<\/a> &#8211; <a href=\"https:\/\/bbheating.sk\/?page_id=42\">Sol\u00e1rne syst\u00e9my<\/a> &#8211; <a href=\"https:\/\/bbheating.sk\/?page_id=328\">Tepeln\u00e9 \u010derpadl\u00e1<\/a> &#8211; <a href=\"https:\/\/bbheating.sk\/?page_id=330\">Kotly na tuh\u00e9 palivo<\/a> &#8211; Stredn\u00e9 kotly &#8211; Ve\u013ek\u00e9 kotly &#8211; <a href=\"https:\/\/bbheating.sk\/?p=451\">Fotovoltaick\u00e9 syst\u00e9my<\/a> &#8211; Z\u00e1sobn\u00edkov\u00e9 ohrieva\u010de vody &#8211; Bytov\u00e9 vetracie syst\u00e9my &#8211; V\u00fdmenn\u00edky tepla a kogenera\u010dn\u00e9 jednotky &#8211; Vitoset \u2013 pr\u00edslu\u0161enstvo &#8211; Syst\u00e9mov\u00e1 technika &#8211; Regula\u010dn\u00e1 technika &#8211; Individu\u00e1lne hospod\u00e1rne rie\u0161enia.<\/small><\/p>\n<p>\t\t<\/div>\n\t<\/div>\n<\/div><br \/>\n<\/div>\n","protected":false},"excerpt":{"rendered":"<p>BB HEATING s.r.o. V\u00e1m pon\u00faka kompletn\u00fd program Viessmann Ak\u00fd vykurovac\u00ed syst\u00e9m? Ktor\u00fd vykurovac\u00ed syst\u00e9m z ucelenej ponuky firmy Viessmann je pre va\u0161u budovu ten najvhodnej\u0161\u00ed? Potrebujeme cel\u00e9 technologick\u00e9 spektrum, ktor\u00e9 m\u00e1me k dispoz\u00edcii. To, \u010do je treba zmysluplne pou\u017ei\u0165, z\u00e1vis\u00ed od konkr\u00e9tneho pr\u00edpadu \u2013 od po\u017eadovan\u00e9ho v\u00fdkonu, od zdroja energie, ktor\u00fd je k dispoz\u00edcii a [&hellip;]<\/p>\n","protected":false},"author":1,"featured_media":0,"parent":0,"menu_order":1,"comment_status":"closed","ping_status":"closed","template":"","meta":{"spay_email":"","footnotes":""},"_links":{"self":[{"href":"https:\/\/bbheating.sk\/index.php?rest_route=\/wp\/v2\/pages\/7"}],"collection":[{"href":"https:\/\/bbheating.sk\/index.php?rest_route=\/wp\/v2\/pages"}],"about":[{"href":"https:\/\/bbheating.sk\/index.php?rest_route=\/wp\/v2\/types\/page"}],"author":[{"embeddable":true,"href":"https:\/\/bbheating.sk\/index.php?rest_route=\/wp\/v2\/users\/1"}],"replies":[{"embeddable":true,"href":"https:\/\/bbheating.sk\/index.php?rest_route=%2Fwp%2Fv2%2Fcomments&post=7"}],"version-history":[{"count":0,"href":"https:\/\/bbheating.sk\/index.php?rest_route=\/wp\/v2\/pages\/7\/revisions"}],"wp:attachment":[{"href":"https:\/\/bbheating.sk\/index.php?rest_route=%2Fwp%2Fv2%2Fmedia&parent=7"}],"curies":[{"name":"wp","href":"https:\/\/api.w.org\/{rel}","templated":true}]}}