{"id":460,"date":"2018-09-10T08:28:17","date_gmt":"2018-09-10T08:28:17","guid":{"rendered":"https:\/\/bbheating.sk\/?page_id=460"},"modified":"2018-09-10T08:28:17","modified_gmt":"2018-09-10T08:28:17","slug":"ochrana-udajov-gdpr","status":"publish","type":"page","link":"https:\/\/bbheating.sk\/?page_id=460","title":{"rendered":"Ochrana \u00fadajov | GDPR"},"content":{"rendered":"<p>V\u00e1\u017een\u00fd z\u00e1kazn\u00edk, v\u00e1\u017een\u00fd obchodn\u00fd partner!<br \/>\nOchrana v\u00e1\u0161ho s\u00fakromia je pre n\u00e1s najvy\u0161\u0161ou prioritou. Toto ozn\u00e1menie o\u00a0sprac\u00favan\u00ed osobn\u00fdch \u00fadajov vysvet\u013euje, ak\u00e9 osobn\u00e9 \u00fadaje budeme sprac\u00fava\u0165, ak\u00fdm sp\u00f4sobom, pre\u010do ich sprac\u00favame a\u00a0komu s\u00fa osobn\u00e9 \u00fadaje poskytnut\u00e9 alebo spr\u00edstupnen\u00e9. <\/p>\n<p>Preto si\u00a0pre\u010d\u00edtajte pozorne toto ozn\u00e1menie. <\/p>\n<p>Spolo\u010dnos\u0165\u00a0\u00a0\u00a0BB HEATING s.r.o., I\u010cO: 44 277 113, so s\u00eddlom Skuteck\u00e9ho 17, 974 01 Bansk\u00e1 Bystrica,  zap\u00edsan\u00e1 v Obchodnom registri OS Bansk\u00e1 Bystrica, v oddieli Sro, vo vlo\u017eke \u010d. 15099\/S (\u010falej len \u201eSpolo\u010dnos\u0165), sprac\u00fava va\u0161e osobn\u00e9 \u00fadaje v\u00a0postaven\u00ed prev\u00e1dzkovate\u013ea v\u00a0rozsahu a\u00a0za podmienok uveden\u00fdch v\u00a0tomto ozn\u00e1men\u00ed. Pri sprac\u00favan\u00ed va\u0161ich osobn\u00fdch \u00fadajoch ako prev\u00e1dzkovate\u013e informa\u010dn\u00e9ho syst\u00e9mu kon\u00e1me v\u00fdhradne\u00a0v\u00a0s\u00falade s\u00a0Nariaden\u00edm Eur\u00f3pskeho parlamentu a\u00a0Rady (E\u00da) 2016\/679 z\u00a027. apr\u00edla 2016 o\u00a0ochrane fyzick\u00fdch os\u00f4b pri sprac\u00favan\u00ed osobn\u00fdch \u00fadajov a\u00a0o vo\u013enom pohybe tak\u00fdchto \u00fadajov, ktor\u00fdm sa\u00a0zru\u0161uje smernica 95\/46\/ES (v\u0161eobecn\u00e9 nariadenie o\u00a0ochrane \u00fadajov) (\u010falej aj ako \u201eNariadenie\u201c) a\u00a0z\u00e1konom \u010d. 18\/2018 Z. z. o\u00a0ochrane osobn\u00fdch \u00fadajov (\u010falej aj ako \u201eZ\u00e1kon\u201c).\u00a0<br \/>\nAby sme s\u00a0vami mohli uskuto\u010dni\u0165 obchodn\u00fd vz\u0165ah potrebujeme o\u00a0v\u00e1s sprac\u00fava\u0165 niektor\u00e9 osobn\u00e9 \u00fadaje, ktor\u00e9 s\u00fa\u00a0nevyhnutn\u00e9 na\u00a0uzatvorenie zmluvy, dodanie tovaru\/slu\u017eby, uskuto\u010dnenie platby, plnenie \u010fal\u0161\u00edch zmluvn\u00fdch povinnost\u00ed, s\u00favisiacich najm\u00e4 s\u00a0uplat\u0148ovan\u00edm pr\u00e1v zo\u00a0z\u00e1ruky, reklam\u00e1cie, poskytnutie popredajn\u00e9ho servisu a\u00a0podobne. (Pr\u00e1vny z\u00e1klad: \u010dl. 6, ods. 1\u00a0p\u00edsm. b) Nariadenia). Va\u0161e osobn\u00e9 \u00fadaje budeme teda z\u00edskava\u0165 a\u00a0\u010falej sprac\u00fava\u0165 na z\u00e1klade v\u0161eobecne z\u00e1v\u00e4zn\u00fdch pr\u00e1vnych predpisov alebo na z\u00e1klade v\u00e1\u0161ho s\u00fahlasu.\u00a0Pr\u00e1vnym z\u00e1kladom sprac\u00favania pre \u00fa\u010dely, kde nie je potrebn\u00fd v\u00e1\u0161 s\u00fahlas, je najm\u00e4 \u00fa\u010del uzatvorenia a\u00a0plnenia zmluvy(resp. dodania objedn\u00e1vky), plnenie povinnost\u00ed v\u00a0zmysle v\u0161eobecne z\u00e1v\u00e4zn\u00fdch pr\u00e1vnych predpisov alebo ochrana na\u0161ich pr\u00e1v a\u00a0pr\u00e1vom chr\u00e1nen\u00fdch z\u00e1ujmov.<\/p>\n<p>Pod\u013ea tohto ozn\u00e1menia budeme sprac\u00fava\u0165 najm\u00e4 nasledovn\u00e9\u00a0osobn\u00e9 \u00fadaje:<br \/>\n    \u2022 meno, priezvisko, trval\u00fd pobyt, prechodn\u00fd pobyt, d\u00e1tum narodenia, druh a\u00a0\u010d\u00edslo dokladu toto\u017enosti, vr\u00e1tane fyzickej osoby zastupuj\u00facej pr\u00e1vnick\u00fa osobu, ako aj adresu miesta podnikania, ak ide o\u00a0fyzick\u00fa osobu, ktor\u00e1 je podnikate\u013eom, predmet podnikania a\u00a0ozna\u010denie \u00faradn\u00e9ho registra alebo inej \u00faradnej evidencie, v\u00a0ktorej je zap\u00edsan\u00fd tento podnikate\u013e, a\u00a0\u010d\u00edslo z\u00e1pisu do tohto registra alebo evidencie;<br \/>\n    \u2022 kontaktn\u00e9 telef\u00f3nne \u010d\u00edslo, faxov\u00e9 \u010d\u00edslo a\u00a0adresu elektronickej po\u0161ty;<br \/>\n    \u2022 osobn\u00e9 \u00fadaje z\u00a0dokladu toto\u017enosti v\u00a0rozsahu obrazov\u00e1 podobize\u0148, titul, meno, priezvisko, rodn\u00e9 priezvisko, rodn\u00e9 \u010d\u00edslo, d\u00e1tum narodenia, miesto a\u00a0okres narodenia, trval\u00fd pobyt, prechodn\u00fd pobyt, \u0161t\u00e1tna pr\u00edslu\u0161nos\u0165, z\u00e1znam o\u00a0obmedzen\u00ed sp\u00f4sobilosti na pr\u00e1vne \u00fakony, druh a\u00a0\u010d\u00edslo dokladu toto\u017enosti, vyd\u00e1vaj\u00faci org\u00e1n, d\u00e1tum vydania a\u00a0platnos\u0165 dokladu toto\u017enosti;<br \/>\n    \u2022 in\u00e9 osobn\u00e9 \u00fadaje, ktor\u00e9 potrebujeme nevyhnutne sprac\u00fava\u0165 v\u00a0s\u00falade s uveden\u00fdmi\u00a0\u00fa\u010delmi.<br \/>\nNa z\u00e1klade p\u00edsomnej po\u017eiadavky V\u00e1s bli\u017e\u0161ie informujeme o tom, ak\u00e9 \u010fal\u0161ie osobn\u00e9 \u00fadaje sme o V\u00e1s uchovali.\u00a0<\/p>\n<p>Va\u0161e osobn\u00e9 \u00fadaje z\u00edskavame priamo od v\u00e1s a\u00a0po cel\u00fa dobu sprac\u00favania bud\u00fa uchov\u00e1van\u00e9 bezpe\u010dne, v\u00a0s\u00falade s\u00a0bezpe\u010dnostnou politikou. Doba sprac\u00favania va\u0161ich osobn\u00fdch \u00fadajov trv\u00e1\u00a0len po\u00a0dobu nevyhnutn\u00fa na\u00a0splnenie \u00fa\u010delu sprac\u00favania v\u00a0s\u00falade so z\u00e1konn\u00fdmi lehotami a\u00a0lehotami stanoven\u00fdmi registrat\u00farnym a\u00a0arch\u00edvnym poriadkom.<\/p>\n<p>Na\u0161ou povinnos\u0165ou\u00a0je chr\u00e1ni\u0165 aj s\u00fakromie pou\u017e\u00edvate\u013eov na\u0161ich webov\u00fdch str\u00e1nok. Ke\u010f nav\u0161t\u00edvite na\u0161e webov\u00e9 str\u00e1nky, na\u0161e webov\u00e9 servery z bezpe\u010dnostn\u00fdch d\u00f4vodov v\u017edy uchovaj\u00fa spojovacie \u00fadaje po\u010d\u00edta\u010da sp\u00e1jaj\u00faceho sa s na\u0161ou str\u00e1nkou, zoznam webov\u00fdch str\u00e1n, ktor\u00e9 nav\u0161t\u00edvite v r\u00e1mci na\u0161ej str\u00e1nky, d\u00e1tum a trvanie Va\u0161ej n\u00e1v\u0161tevy, identifika\u010dn\u00e9 \u00fadaje pou\u017e\u00edvan\u00e9ho typu prehliada\u010da a opera\u010dn\u00e9ho syst\u00e9mu ako aj webovej str\u00e1nky, cez ktor\u00fa sa sp\u00e1jate s na\u0161ou str\u00e1nkou. Pou\u017e\u00edvame sledovacie programov\u00e9 vybavenie, aby sme stanovili, ko\u013eko pou\u017e\u00edvate\u013eov nav\u0161tevuje na\u0161u webov\u00fa str\u00e1nku a ako \u010dasto. Nepou\u017e\u00edvame tento softv\u00e9r na zbieranie osobn\u00fdch \u00fadajov alebo individu\u00e1lnych IP adries. Tieto \u00fadaje sa po\u017e\u00edvaj\u00fa v\u00fdlu\u010dne v anonymnej a s\u00fahrnnej forme na \u0161tatistick\u00e9 \u00fa\u010dely a na rozvoj webovej str\u00e1nky. Doplnkov\u00e9 osobn\u00e9 inform\u00e1cie ako meno, adresa, telef\u00f3nne \u010d\u00edslo alebo e-mailov\u00e1 adresa sa nezbieraj\u00fa, pokia\u013e tieto \u00fadaje neposkytnete dobrovo\u013ene, napr. ke\u010f priamo vyp\u013a\u0148ate kontaktn\u00fd formul\u00e1r ako s\u00fa\u010das\u0165 informa\u010dnej po\u017eiadavky.<\/p>\n<p>Spolo\u010dnos\u0165 nezdie\u013ea, nepred\u00e1va, nepren\u00e1\u0161a \u010di in\u00e1\u010d neroz\u0161iruje Va\u0161e osobn\u00e9 \u00fadaje tret\u00edm stran\u00e1m a nebude tak robi\u0165 ani v bud\u00facnosti, pokia\u013e to nevy\u017eaduje z\u00e1kon, pokia\u013e sa to nepo\u017eaduje na \u00fa\u010del zmluvy alebo pokia\u013e ned\u00e1te v\u00fdslovn\u00fd s\u00fahlas, aby sa tak urobilo. Napr\u00edklad m\u00f4\u017ee by\u0165 potrebn\u00e9 odovzda\u0165 Va\u0161u adresu a podrobnosti objedn\u00e1vky tret\u00edm stran\u00e1m zabezpe\u010duj\u00facim prepravu.\u00a0Spolo\u010dnos\u0165 m\u00e1 z\u00e1konn\u00fa povinnos\u0165 poskytn\u00fa\u0165 va\u0161e osobn\u00e9 \u00fadaje najm\u00e4 pri kontrole, dozornej \u010dinnosti alebo na\u00a0\u017eiados\u0165 opr\u00e1vnen\u00fdch org\u00e1nov \u0161t\u00e1tu alebo in\u0161tit\u00faci\u00ed, ak\u00a0to vypl\u00fdva z\u00a0osobitn\u00fdch predpisov.<\/p>\n<p>V zmysle Nariadenia a\u00a0ak v\u0161eobecne z\u00e1v\u00e4zn\u00e9 pr\u00e1vne predpisy neustanovuj\u00fa nie\u010do in\u00e9, m\u00e1te pr\u00e1vo:<br \/>\n    \u2022 na\u00a0pr\u00edstup\u00a0k\u00a0va\u0161im osobn\u00fdm \u00fadajom a\u00a0pr\u00e1vo z\u00edska\u0165\u00a0potvrdenie\u00a0o\u00a0tom, \u010di o\u00a0v\u00e1s sprac\u00favame osobn\u00e9 \u00fadaje, a\u00a0ak \u00e1no, ak\u00e9 osobn\u00e9 \u00fadaje sprac\u00favame, na ak\u00fd \u00fa\u010del, po ak\u00fa dobu a\u00a0\u010fal\u0161ie podrobnosti t\u00fdkaj\u00face sa najm\u00e4 prev\u00e1dzkovate\u013eov, sprostredkovate\u013eov a\u00a0in\u00fdch subjektov, ktor\u00fdm m\u00f4\u017eu by\u0165 tieto \u00fadaje poskytnut\u00e9;<br \/>\n    \u2022 kedyko\u013evek\u00a0odvola\u0165\u00a0svoj s\u00fahlas, ak s\u00fa va\u0161e osobn\u00e9 \u00fadaje sprac\u00favan\u00e9 na z\u00e1klade v\u00e1\u0161ho s\u00fahlasu;<br \/>\n    \u2022 \u017eiada\u0165\u00a0opravu\u00a0alebo\u00a0aktualiz\u00e1ciu\u00a0va\u0161ich osobn\u00fdch \u00fadajov tak, aby boli v\u017edy presn\u00e9 a\u00a0aktu\u00e1lne;<br \/>\n    \u2022 na\u00a0v\u00fdmaz\u00a0va\u0161ich osobn\u00fdch \u00fadajov, pokia\u013e uplynula lehota ich z\u00e1konn\u00e9ho sprac\u00favania;<br \/>\n    \u2022 na\u00a0obmedzenie\u00a0sprac\u00favania va\u0161ich osobn\u00fdch \u00fadajov, napr\u00edklad v\u00a0pr\u00edpade, ke\u010f ste spochybnili spr\u00e1vnos\u0165 va\u0161ich osobn\u00fdch \u00fadajov, a\u00a0to po\u010das obdobia, ktor\u00e9 n\u00e1m umo\u017e\u0148uje overi\u0165 ich spr\u00e1vnos\u0165;<br \/>\n    \u2022 z\u00edska\u0165\u00a0va\u0161e osobn\u00e9 \u00fadaje v\u00a0elektronickej podobe, ktor\u00e9 ste n\u00e1m poskytli, a\u00a0to pre v\u00e1s alebo pre in\u00e9ho prev\u00e1dzkovate\u013ea;<br \/>\n    \u2022 poda\u0165\u00a0s\u0165a\u017enos\u0165\u00a0u\u00a0n\u00e1s a\/alebo na \u00darad na ochranu osobn\u00fdch \u00fadajov Slovenskej republiky.<\/p>\n<p>Tieto pr\u00e1va m\u00f4\u017eete uplatni\u0165 zaslan\u00edm p\u00edsomnej \u017eiadosti na na\u0161u adresu alebo mailom na adrese info@bbheating.sk<\/p>\n","protected":false},"excerpt":{"rendered":"<p>V\u00e1\u017een\u00fd z\u00e1kazn\u00edk, v\u00e1\u017een\u00fd obchodn\u00fd partner! Ochrana v\u00e1\u0161ho s\u00fakromia je pre n\u00e1s najvy\u0161\u0161ou prioritou. Toto ozn\u00e1menie o\u00a0sprac\u00favan\u00ed osobn\u00fdch \u00fadajov vysvet\u013euje, ak\u00e9 osobn\u00e9 \u00fadaje budeme sprac\u00fava\u0165, ak\u00fdm sp\u00f4sobom, pre\u010do ich sprac\u00favame a\u00a0komu s\u00fa osobn\u00e9 \u00fadaje poskytnut\u00e9 alebo spr\u00edstupnen\u00e9. Preto si\u00a0pre\u010d\u00edtajte pozorne toto ozn\u00e1menie. Spolo\u010dnos\u0165\u00a0\u00a0\u00a0BB HEATING s.r.o., I\u010cO: 44 277 113, so s\u00eddlom Skuteck\u00e9ho 17, 974 01 Bansk\u00e1 [&hellip;]<\/p>\n","protected":false},"author":1,"featured_media":0,"parent":0,"menu_order":0,"comment_status":"closed","ping_status":"closed","template":"","meta":{"spay_email":"","footnotes":""},"_links":{"self":[{"href":"https:\/\/bbheating.sk\/index.php?rest_route=\/wp\/v2\/pages\/460"}],"collection":[{"href":"https:\/\/bbheating.sk\/index.php?rest_route=\/wp\/v2\/pages"}],"about":[{"href":"https:\/\/bbheating.sk\/index.php?rest_route=\/wp\/v2\/types\/page"}],"author":[{"embeddable":true,"href":"https:\/\/bbheating.sk\/index.php?rest_route=\/wp\/v2\/users\/1"}],"replies":[{"embeddable":true,"href":"https:\/\/bbheating.sk\/index.php?rest_route=%2Fwp%2Fv2%2Fcomments&post=460"}],"version-history":[{"count":0,"href":"https:\/\/bbheating.sk\/index.php?rest_route=\/wp\/v2\/pages\/460\/revisions"}],"wp:attachment":[{"href":"https:\/\/bbheating.sk\/index.php?rest_route=%2Fwp%2Fv2%2Fmedia&parent=460"}],"curies":[{"name":"wp","href":"https:\/\/api.w.org\/{rel}","templated":true}]}}