{"id":42,"date":"2011-02-06T22:24:04","date_gmt":"2011-02-06T22:24:04","guid":{"rendered":"https:\/\/bbheating.sk\/?page_id=42"},"modified":"2015-09-26T04:08:22","modified_gmt":"2015-09-26T04:08:22","slug":"solarne-systemy","status":"publish","type":"page","link":"https:\/\/bbheating.sk\/?page_id=42","title":{"rendered":"Sol\u00e1rne syst\u00e9my"},"content":{"rendered":"<h2><img loading=\"lazy\" decoding=\"async\" class=\"size-full wp-image-218 alignleft\" src=\"https:\/\/bbheating.sk\/wp-content\/uploads\/2012\/06\/viessmann.gif\" alt=\"viessmann\" width=\"203\" height=\"66\" \/> <span style=\"color: #ff0000;\">Sol\u00e1rna termika na ohrev pitnej vody a podporu vykurovania<\/span><\/h2>\n<p class=\"vi_headline_1\"><span style=\"color: #ff0000;\"><strong>Teplo zo slnka \u2013 bezplatne a\u017e do domu<\/strong><\/span>\u00a0Pri invest\u00edci\u00ed do nov\u00e9ho vykurovacieho syst\u00e9mu by sme mali dnes zapl\u00e1nova\u0165 aj jeho neskor\u0161ie doplnenie sol\u00e1rnym syst\u00e9mom.<\/p>\n<p>In\u0161tal\u00e1ciou slne\u010dn\u00fdch kolektorov signalizujete va\u0161u ekologick\u00fa zodpovednos\u0165 t\u00fdm, \u017ee zni\u017eujete svoju produkciu CO2 trvalo udr\u017eate\u013en\u00fdm sp\u00f4sobom. Pomocou techniky Viessmann pritom vs\u00e1dzate na hlu\u010dnos\u0165, ako aj optim\u00e1lnu s\u00fahru v\u0161etk\u00fdch komponentov zariadenia.<\/p>\n<p>Pri na\u0161ej viac ako 30 ro\u010dnej praxi s navrhovan\u00edm a v\u00fdrobou sol\u00e1rnych syst\u00e9mov a na na\u0161e technick\u00e9 know-how a najvy\u0161\u0161iu kvalitu m\u00f4\u017eete spo\u013eahn\u00fa\u0165. Nez\u00e1le\u017e\u00ed na tom, \u010di sa rozhodnete pre nov\u00e9 kondenza\u010dn\u00e9 vykurovanie na olej \u010di plyn, vykurovac\u00ed syst\u00e9m na drevo alebo tepeln\u00e9 \u010derpadlo \u2013 v\u0161etky syst\u00e9my od firmy Viessmann s\u00fa navrhnut\u00e9 na kombin\u00e1ciu so sol\u00e1rnou technikou.<\/p>\n<h2><span style=\"color: #ff0000;\">Ploch\u00e9 kolektory<\/span><\/h2>\n<p><a href=\"https:\/\/bbheating.sk\/wp-content\/uploads\/2011\/02\/Solar-1-2.jpg\"><img loading=\"lazy\" decoding=\"async\" class=\"alignright size-full wp-image-322\" src=\"https:\/\/bbheating.sk\/wp-content\/uploads\/2011\/02\/Solar-1-2.jpg\" alt=\"Solar-1-2\" width=\"460\" height=\"258\" srcset=\"https:\/\/bbheating.sk\/wp-content\/uploads\/2011\/02\/Solar-1-2.jpg 460w, https:\/\/bbheating.sk\/wp-content\/uploads\/2011\/02\/Solar-1-2-300x168.jpg 300w\" sizes=\"(max-width: 460px) 100vw, 460px\" \/><\/a>Tieto v\u00fdkonn\u00e9 ploch\u00e9 kolektory v ro\u010dnom priemere dok\u00e1\u017eu u\u0161etri\u0165 a\u017e 60 energie potrebnej na ohrev pitnej vody. V\u010faka slne\u010dnej energii je mo\u017en\u00e9 v kombin\u00e1cii s kondenza\u010dn\u00fdm kotlom u\u0161etri\u0165 viac ako tretinu celkovej ro\u010dnej spotreby energie.<\/p>\n<h3>Vitosol 100-F<\/h3>\n<p>Typ SV1A a SH1A, pro vertik\u00e1ln\u00ed nebo horizont\u00e1ln\u00ed mont\u00e1\u017e, pro mont\u00e1\u017e na ploch\u00e9 a \u0161ikm\u00e9 st\u0159echy.<\/p>\n<h3>Vitosol 200-F<\/h3>\n<p>Typ SV2C\/D a SH2C, ploch\u00fd kolektor pre mont\u00e1\u017e na \u0161ikm\u00fa a rovn\u00fa strechu, ako aj integr\u00e1ciu priamo do strechy, typ SH2C tie\u017e na fas\u00e1dy<\/p>\n<h3>Sol\u00e1rny bal\u00edk na pitn\u00fa vodu<\/h3>\n<p>Pr\u00edprava teplej vody ako kompletn\u00fd bal\u00edk. Syst\u00e9m pozost\u00e1va z dvoch sol\u00e1rnych ploch\u00fdch kolektorov Vitosol 200-F, bivalentn\u00e9ho 250 litrov\u00e9ho z\u00e1sobn\u00edkov\u00e9ho ohrieva\u010da vody Vitocell 100-B\/-W a pr\u00edslu\u0161n\u00fdch syst\u00e9mov\u00fdch komponentov.<\/p>\n<h2 class=\"vi_headline_1\"><span style=\"color: #ff0000;\">Trubicov\u00e9 kolektory<\/span><\/h2>\n<p class=\"vi_sub_headline\"><a href=\"https:\/\/bbheating.sk\/wp-content\/uploads\/2011\/02\/solar-roehren-kollektor-1-2.jpg\"><img loading=\"lazy\" decoding=\"async\" class=\"alignright size-full wp-image-321\" src=\"https:\/\/bbheating.sk\/wp-content\/uploads\/2011\/02\/solar-roehren-kollektor-1-2.jpg\" alt=\"solar-roehren-kollektor-1-2\" width=\"460\" height=\"258\" srcset=\"https:\/\/bbheating.sk\/wp-content\/uploads\/2011\/02\/solar-roehren-kollektor-1-2.jpg 460w, https:\/\/bbheating.sk\/wp-content\/uploads\/2011\/02\/solar-roehren-kollektor-1-2-300x168.jpg 300w\" sizes=\"(max-width: 460px) 100vw, 460px\" \/><\/a>Efekt\u00edvne vyu\u017eit\u00e9 slne\u010dn\u00e9 teplo \u2013 bsorb\u00e9ry s vysoko-selekt\u00edvnym povrstven\u00edm dok\u00e1\u017eu zachyti\u0165 mimoriadne ve\u013ea slne\u010dnej energie a dosahuj\u00fa tak vysok\u00fa \u00fa\u010dinnos\u0165. Mimoriadne \u00fa\u010dinn\u00fa tepeln\u00fa izol\u00e1ciu poskytuje v\u00e1kuum v trubiciach. Medzi sklenen\u00fdmi trubicamii a absorb\u00e9rom nedoch\u00e1dza k takmer \u017eiadnym strat\u00e1m &#8211; a kolektor dok\u00e1\u017ee aj slab\u00e9 slne\u010dn\u00e9 \u017eiarenie premeni\u0165 na vyu\u017eite\u013en\u00e9 teplo. Pribli\u017ene v prechodnom obdob\u00ed a zimn\u00fdch mesiacoch, pri n\u00edzkych vonkaj\u0161\u00edch teplot\u00e1ch, dok\u00e1\u017eu v\u00e1kuov\u00e9 trubicov\u00e9 kolektory mimoriadne efekt\u00edvne vyu\u017ei\u0165 slne\u010dn\u00e9 \u017eiarenie, ktor\u00e9 je k dispoz\u00edcii.<\/p>\n<h3>Vitosol 200-T<\/h3>\n<p>Typ SP2A, v\u00e1kuov\u00fd trubicov\u00fd kolektor pre rovn\u00e9 aj \u0161ikm\u00e9 strechy ako aj v stacion\u00e1rnom preveden\u00ed. Pre mont\u00e1\u017e na balk\u00f3ny je k dispoz\u00edcii \u0161peci\u00e1lny bal\u00f3nov\u00fd modul (1,26 m\u00b2 adsorp\u010dnej plochy) so zn\u00ed\u017eenou kon\u0161truk\u010dnou v\u00fd\u0161kou.<\/p>\n<h3>\nVitosol 300-T<\/h3>\n<p>Typ SP3B, v\u00e1kuov\u00fd trubicov\u00fd kolektor pre rovn\u00e9 aj \u0161ikm\u00e9 strechy ako aj v stacion\u00e1rnom preveden\u00ed.<\/p>\n","protected":false},"excerpt":{"rendered":"<p>Sol\u00e1rna termika na ohrev pitnej vody a podporu vykurovania Teplo zo slnka \u2013 bezplatne a\u017e do domu\u00a0Pri invest\u00edci\u00ed do nov\u00e9ho vykurovacieho syst\u00e9mu by sme mali dnes zapl\u00e1nova\u0165 aj jeho neskor\u0161ie doplnenie sol\u00e1rnym syst\u00e9mom. In\u0161tal\u00e1ciou slne\u010dn\u00fdch kolektorov signalizujete va\u0161u ekologick\u00fa zodpovednos\u0165 t\u00fdm, \u017ee zni\u017eujete svoju produkciu CO2 trvalo udr\u017eate\u013en\u00fdm sp\u00f4sobom. Pomocou techniky Viessmann pritom vs\u00e1dzate na [&hellip;]<\/p>\n","protected":false},"author":1,"featured_media":0,"parent":7,"menu_order":0,"comment_status":"closed","ping_status":"closed","template":"","meta":{"spay_email":"","footnotes":""},"_links":{"self":[{"href":"https:\/\/bbheating.sk\/index.php?rest_route=\/wp\/v2\/pages\/42"}],"collection":[{"href":"https:\/\/bbheating.sk\/index.php?rest_route=\/wp\/v2\/pages"}],"about":[{"href":"https:\/\/bbheating.sk\/index.php?rest_route=\/wp\/v2\/types\/page"}],"author":[{"embeddable":true,"href":"https:\/\/bbheating.sk\/index.php?rest_route=\/wp\/v2\/users\/1"}],"replies":[{"embeddable":true,"href":"https:\/\/bbheating.sk\/index.php?rest_route=%2Fwp%2Fv2%2Fcomments&post=42"}],"version-history":[{"count":0,"href":"https:\/\/bbheating.sk\/index.php?rest_route=\/wp\/v2\/pages\/42\/revisions"}],"up":[{"embeddable":true,"href":"https:\/\/bbheating.sk\/index.php?rest_route=\/wp\/v2\/pages\/7"}],"wp:attachment":[{"href":"https:\/\/bbheating.sk\/index.php?rest_route=%2Fwp%2Fv2%2Fmedia&parent=42"}],"curies":[{"name":"wp","href":"https:\/\/api.w.org\/{rel}","templated":true}]}}