{"id":4,"date":"2011-02-06T20:35:58","date_gmt":"2011-02-06T20:35:58","guid":{"rendered":"https:\/\/bbheating.sk\/?page_id=4"},"modified":"2021-02-13T11:33:07","modified_gmt":"2021-02-13T11:33:07","slug":"o-firme","status":"publish","type":"page","link":"https:\/\/bbheating.sk\/?page_id=4","title":{"rendered":"O firme"},"content":{"rendered":"<p><img loading=\"lazy\" decoding=\"async\" class=\"size-full wp-image-135 alignnone\" title=\"BB HEATING logo b\" src=\"https:\/\/bbheating.sk\/wp-content\/uploads\/2011\/02\/BB-HEATING-logo-b.jpg\" alt=\"\" width=\"274\" height=\"132\" \/><\/p>\n<p>Spolo\u010dnos\u0165 BB HEATING s.r.o. vznikla v roku 2008 transformovan\u00edm sa firmy R\u00f3bert Pra\u0161ovsk\u00fd-GaP GAS ako fyzickej osoby na fi BB HEATING s.r.o.<\/p>\n<p>Firma R\u00f3bert Pra\u0161ovsk\u00fd-GaP GAS p\u00f4sob\u00ed na trhu od roku 1999 ako servisn\u00e1 a mont\u00e1\u017ena organiz\u00e1cia zameran\u00e1 na vyhraden\u00e9 technick\u00e9 zariadenia, dod\u00e1vku T\u00daV, vyregulovania a\u00a0mont\u00e1\u017e syst\u00e9mov \u00daK. Po jej etablovan\u00ed sa na spolo\u010dnos\u0165 s\u00a0ru\u010den\u00edm obmedzen\u00fdm \u010dinnos\u0165 firmy nemenn\u00ed.<\/p>\n<p>Moment\u00e1lne firma spolupracuje s\u00a0k\u013e\u00fa\u010dov\u00fdmi partnermi na trhu v\u00a0oblasti developingu a\u00a0akt\u00edvne sa podie\u013ea na projektoch v\u00a0r\u00e1mci Slovenskej republiky.<\/p>\n<p>V\u00a0na\u0161om portf\u00f3liu na nach\u00e1dza nespo\u010det v\u00fdznamn\u00fdch partnerov v\u00a0oblasti stavebn\u00edctva s\u00a0ktor\u00fdmi dlhodobo spolupracujeme.<\/p>\n<p>Filozofiou firmy je spokojnos\u0165 na\u0161ich klientov \u010do je aj kr\u00e9dom na\u0161ej firmy.<\/p>\n","protected":false},"excerpt":{"rendered":"<p>Spolo\u010dnos\u0165 BB HEATING s.r.o. vznikla v roku 2008 transformovan\u00edm sa firmy R\u00f3bert Pra\u0161ovsk\u00fd-GaP GAS ako fyzickej osoby na fi BB HEATING s.r.o. Firma R\u00f3bert Pra\u0161ovsk\u00fd-GaP GAS p\u00f4sob\u00ed na trhu od roku 1999 ako servisn\u00e1 a mont\u00e1\u017ena organiz\u00e1cia zameran\u00e1 na vyhraden\u00e9 technick\u00e9 zariadenia, dod\u00e1vku T\u00daV, vyregulovania a\u00a0mont\u00e1\u017e syst\u00e9mov \u00daK. Po jej etablovan\u00ed sa na spolo\u010dnos\u0165 s\u00a0ru\u010den\u00edm [&hellip;]<\/p>\n","protected":false},"author":1,"featured_media":0,"parent":0,"menu_order":2,"comment_status":"closed","ping_status":"closed","template":"","meta":{"spay_email":"","footnotes":""},"_links":{"self":[{"href":"https:\/\/bbheating.sk\/index.php?rest_route=\/wp\/v2\/pages\/4"}],"collection":[{"href":"https:\/\/bbheating.sk\/index.php?rest_route=\/wp\/v2\/pages"}],"about":[{"href":"https:\/\/bbheating.sk\/index.php?rest_route=\/wp\/v2\/types\/page"}],"author":[{"embeddable":true,"href":"https:\/\/bbheating.sk\/index.php?rest_route=\/wp\/v2\/users\/1"}],"replies":[{"embeddable":true,"href":"https:\/\/bbheating.sk\/index.php?rest_route=%2Fwp%2Fv2%2Fcomments&post=4"}],"version-history":[{"count":1,"href":"https:\/\/bbheating.sk\/index.php?rest_route=\/wp\/v2\/pages\/4\/revisions"}],"predecessor-version":[{"id":484,"href":"https:\/\/bbheating.sk\/index.php?rest_route=\/wp\/v2\/pages\/4\/revisions\/484"}],"wp:attachment":[{"href":"https:\/\/bbheating.sk\/index.php?rest_route=%2Fwp%2Fv2%2Fmedia&parent=4"}],"curies":[{"name":"wp","href":"https:\/\/api.w.org\/{rel}","templated":true}]}}