{"id":339,"date":"2015-09-26T04:43:39","date_gmt":"2015-09-26T04:43:39","guid":{"rendered":"https:\/\/bbheating.sk\/?page_id=339"},"modified":"2015-09-26T04:43:39","modified_gmt":"2015-09-26T04:43:39","slug":"zdruzena-vyroba-tepla-a-elektriny","status":"publish","type":"page","link":"https:\/\/bbheating.sk\/?page_id=339","title":{"rendered":"Zdru\u017een\u00e1 v\u00fdroba tepla a elektriny"},"content":{"rendered":"<div class=\"vi_col_12 vi_clearfix\">Sta\u0148te sa trochu nez\u00e1vislej\u0161\u00edmi od extern\u00fdch dod\u00e1vate\u013eov elektriny a jej neust\u00e1le st\u00fapaj\u00facich cien\u00a0 &#8211; inovat\u00edvnym sp\u00f4sobom\u00a0v\u00fdroby tepla.<\/div>\n<div class=\"vi_col_12 vi_prod_grp__text\">\n<div class=\"vi_rich_text\">\n<p>&nbsp;<\/p>\n<\/div>\n<\/div>\n<div class=\"vi_col_12 vi_prod_grp__tiles\"><a class=\"vi_prod_grp__tile\" href=\"http:\/\/www.viessmann.sk\/sk\/obytne-budovy\/zdruzena-vyroba-tepla-a-elektriny\/mikrokogeneracne-jednotky-na-baze-stirlingovho-motora.html\" data-type=\"warmth,power\" data-source=\"gas\"><img decoding=\"async\" class=\"vi_js_responsive_image\" src=\"http:\/\/www.viessmann.sk\/content\/dam\/vi-brands\/DE\/Produkte\/Kraft-Waerme-Kopplung\/Mikro-KWK\/P-Gruppe-Mikro-KWK.png\/_jcr_content\/renditions\/original.image_file.250.155.file\/P-Gruppe-Mikro-KWK.png\" alt=\"P-Gruppe-Mikro-KWK.png\" data-resp-src=\"[{&quot;mq&quot;:&quot;vi_asset_xl&quot;,&quot;src&quot;:&quot;\/content\/dam\/vi-brands\/DE\/Produkte\/Kraft-Waerme-Kopplung\/Mikro-KWK\/P-Gruppe-Mikro-KWK.png\/_jcr_content\/renditions\/original.\/P-Gruppe-Mikro-KWK.png&quot;},{&quot;mq&quot;:&quot;vi_asset_m&quot;,&quot;src&quot;:&quot;\/content\/dam\/vi-brands\/DE\/Produkte\/Kraft-Waerme-Kopplung\/Mikro-KWK\/P-Gruppe-Mikro-KWK.png\/_jcr_content\/renditions\/original.image_file.250.155.file\/P-Gruppe-Mikro-KWK.png&quot;},{&quot;mq&quot;:&quot;vi_asset_s&quot;,&quot;src&quot;:&quot;\/content\/dam\/vi-brands\/DE\/Produkte\/Kraft-Waerme-Kopplung\/Mikro-KWK\/P-Gruppe-Mikro-KWK.png\/_jcr_content\/renditions\/original.image_file.135.84.file\/P-Gruppe-Mikro-KWK.png&quot;}]\" \/><\/a><\/p>\n<h2 class=\"vi_headline_2\">Mikro-kogenera\u010dn\u00e9 jednotky na b\u00e1ze Stirlingovho motora.<\/h2>\n<p class=\"vi_additional_info\">Mikro-kogenera\u010dn\u00e1 jednotka so Stirlingov\u00fdm motorom je vlastne vykurovanie vyr\u00e1baj\u00face pr\u00fad. V\u00fdkon je dimenzovan\u00fd pre vlastn\u00fa (s)potrebu rodinn\u00fdch domov.<\/p>\n<p><a class=\"vi_prod_grp__tile\" href=\"http:\/\/www.viessmann.sk\/sk\/obytne-budovy\/zdruzena-vyroba-tepla-a-elektriny\/bet-na-zemnyskvapalneny-plyn.html\" data-type=\"warmth,power\" data-source=\"gas\"><img decoding=\"async\" class=\"vi_js_responsive_image\" title=\"Blockheizkraftwerke f\u00fcr W\u00e4rme und Strom\" src=\"http:\/\/www.viessmann.sk\/content\/dam\/vi-brands\/DE\/Produkte\/Kraft-Waerme-Kopplung\/P-Gruppe-bhkw-wohngebaeude.png\/_jcr_content\/renditions\/original.image_file.250.155.file\/P-Gruppe-bhkw-wohngebaeude.png\" alt=\"Blockheizkraftwerke f\u00fcr W\u00e4rme und Strom\" data-resp-src=\"[{&quot;mq&quot;:&quot;vi_asset_xl&quot;,&quot;src&quot;:&quot;\/content\/dam\/vi-brands\/DE\/Produkte\/Kraft-Waerme-Kopplung\/P-Gruppe-bhkw-wohngebaeude.png\/_jcr_content\/renditions\/original.\/P-Gruppe-bhkw-wohngebaeude.png&quot;},{&quot;mq&quot;:&quot;vi_asset_m&quot;,&quot;src&quot;:&quot;\/content\/dam\/vi-brands\/DE\/Produkte\/Kraft-Waerme-Kopplung\/P-Gruppe-bhkw-wohngebaeude.png\/_jcr_content\/renditions\/original.image_file.250.155.file\/P-Gruppe-bhkw-wohngebaeude.png&quot;},{&quot;mq&quot;:&quot;vi_asset_s&quot;,&quot;src&quot;:&quot;\/content\/dam\/vi-brands\/DE\/Produkte\/Kraft-Waerme-Kopplung\/P-Gruppe-bhkw-wohngebaeude.png\/_jcr_content\/renditions\/original.image_file.135.84.file\/P-Gruppe-bhkw-wohngebaeude.png&quot;}]\" \/><\/a><\/p>\n<h2 class=\"vi_headline_2\">Blokov\u00e1 kogenera\u010dn\u00e1 jednotka na zemn\u00fd\/skvapalnen\u00fd plyn<\/h2>\n<p class=\"vi_additional_info\">Blokov\u00e1 kogenera\u010dn\u00e1 jednotka na zemn\u00fd plyn vyr\u00e1ba s\u00fa\u010dasne teplo aj elektrick\u00fd pr\u00fad. Svoj\u00edm v\u00fdkonom je dimenzovan\u00fd pre obytn\u00e9 a komer\u010dn\u00e9 komplexy.<\/p>\n<p><a class=\"vi_prod_grp__tile\" href=\"http:\/\/www.viessmann.sk\/sk\/obytne-budovy\/zdruzena-vyroba-tepla-a-elektriny\/blokova-kogeneracna-jednotka-na-zemny-zemny-plyn.html\" data-type=\"warmth,power\" data-source=\"gas\"><img decoding=\"async\" class=\"vi_js_responsive_image\" src=\"http:\/\/www.viessmann.sk\/content\/dam\/vi-brands\/DE\/Produkte\/Kraft-Waerme-Kopplung\/P-Gruppe-bhkw-wohngebaeude.png\/_jcr_content\/renditions\/original.image_file.250.155.file\/P-Gruppe-bhkw-wohngebaeude.png\" alt=\"P-Gruppe-bhkw-wohngebaeude.png\" data-resp-src=\"[{&quot;mq&quot;:&quot;vi_asset_xl&quot;,&quot;src&quot;:&quot;\/content\/dam\/vi-brands\/DE\/Produkte\/Kraft-Waerme-Kopplung\/P-Gruppe-bhkw-wohngebaeude.png\/_jcr_content\/renditions\/original.\/P-Gruppe-bhkw-wohngebaeude.png&quot;},{&quot;mq&quot;:&quot;vi_asset_m&quot;,&quot;src&quot;:&quot;\/content\/dam\/vi-brands\/DE\/Produkte\/Kraft-Waerme-Kopplung\/P-Gruppe-bhkw-wohngebaeude.png\/_jcr_content\/renditions\/original.image_file.250.155.file\/P-Gruppe-bhkw-wohngebaeude.png&quot;},{&quot;mq&quot;:&quot;vi_asset_s&quot;,&quot;src&quot;:&quot;\/content\/dam\/vi-brands\/DE\/Produkte\/Kraft-Waerme-Kopplung\/P-Gruppe-bhkw-wohngebaeude.png\/_jcr_content\/renditions\/original.image_file.135.84.file\/P-Gruppe-bhkw-wohngebaeude.png&quot;}]\" \/><\/a><\/p>\n<h2 class=\"vi_headline_2\">Blokov\u00e1 kogenera\u010dn\u00e1 jednotka na zemn\u00fd zemn\u00fd plyn<\/h2>\n<p class=\"vi_additional_info\">Blokov\u00e1 kogenera\u010dn\u00e1 jednotka na zemn\u00fd plyn vyr\u00e1ba s\u00fa\u010dasne teplo aj elektrick\u00fd pr\u00fad. Svoj\u00edm v\u00fdkonom je dimenzovan\u00fd pre obytn\u00e9 a komer\u010dn\u00e9 komplexy.<\/p>\n<\/div>\n","protected":false},"excerpt":{"rendered":"<p>Sta\u0148te sa trochu nez\u00e1vislej\u0161\u00edmi od extern\u00fdch dod\u00e1vate\u013eov elektriny a jej neust\u00e1le st\u00fapaj\u00facich cien\u00a0 &#8211; inovat\u00edvnym sp\u00f4sobom\u00a0v\u00fdroby tepla. &nbsp; Mikro-kogenera\u010dn\u00e9 jednotky na b\u00e1ze Stirlingovho motora. Mikro-kogenera\u010dn\u00e1 jednotka so Stirlingov\u00fdm motorom je vlastne vykurovanie vyr\u00e1baj\u00face pr\u00fad. V\u00fdkon je dimenzovan\u00fd pre vlastn\u00fa (s)potrebu rodinn\u00fdch domov. Blokov\u00e1 kogenera\u010dn\u00e1 jednotka na zemn\u00fd\/skvapalnen\u00fd plyn Blokov\u00e1 kogenera\u010dn\u00e1 jednotka na zemn\u00fd plyn vyr\u00e1ba [&hellip;]<\/p>\n","protected":false},"author":1,"featured_media":0,"parent":7,"menu_order":0,"comment_status":"closed","ping_status":"closed","template":"","meta":{"spay_email":"","footnotes":""},"_links":{"self":[{"href":"https:\/\/bbheating.sk\/index.php?rest_route=\/wp\/v2\/pages\/339"}],"collection":[{"href":"https:\/\/bbheating.sk\/index.php?rest_route=\/wp\/v2\/pages"}],"about":[{"href":"https:\/\/bbheating.sk\/index.php?rest_route=\/wp\/v2\/types\/page"}],"author":[{"embeddable":true,"href":"https:\/\/bbheating.sk\/index.php?rest_route=\/wp\/v2\/users\/1"}],"replies":[{"embeddable":true,"href":"https:\/\/bbheating.sk\/index.php?rest_route=%2Fwp%2Fv2%2Fcomments&post=339"}],"version-history":[{"count":0,"href":"https:\/\/bbheating.sk\/index.php?rest_route=\/wp\/v2\/pages\/339\/revisions"}],"up":[{"embeddable":true,"href":"https:\/\/bbheating.sk\/index.php?rest_route=\/wp\/v2\/pages\/7"}],"wp:attachment":[{"href":"https:\/\/bbheating.sk\/index.php?rest_route=%2Fwp%2Fv2%2Fmedia&parent=339"}],"curies":[{"name":"wp","href":"https:\/\/api.w.org\/{rel}","templated":true}]}}