{"id":332,"date":"2015-09-26T04:34:01","date_gmt":"2015-09-26T04:34:01","guid":{"rendered":"https:\/\/bbheating.sk\/?page_id=332"},"modified":"2015-09-26T04:34:01","modified_gmt":"2015-09-26T04:34:01","slug":"peletove-kotly","status":"publish","type":"page","link":"https:\/\/bbheating.sk\/?page_id=332","title":{"rendered":"Peletov\u00e9 kotly"},"content":{"rendered":"<div>\n<div class=\"section\">\n<div class=\"vi_refresh\">\n<div class=\"vi_js_stage vi_stage_content vi_hide_in_edit vi_stage_single_mode\">\n<div class=\"vi_row\">\n<div class=\"vi_stage_overlay\">\n<div class=\"vi_carousel vi_carousel_stage_overlay\">\n<ul class=\"vi_carousel_list\">\n<li class=\"vi_carousel_item vi_stage_overlay_item\">\n<h2 class=\"vi_headline_1\"><span style=\"color: #ff0000;\">Peletov\u00e9 kotly<\/span><\/h2>\n<p class=\"vi_copy\">Vykurovac\u00ed kotol na pelety | \u00a0<a class=\" vi_icon_link__download\" href=\"http:\/\/www.viessmann.sk\/content\/dam\/vi-brands\/DE\/PDF\/Technologien\/pr-heizen_mit_holz.pdf\/_jcr_content\/renditions\/original.media_file.download_attachment.file\/pr-heizen_mit_holz.pdf\">Vykurovanie drevom (PDF 4 MB)<\/a><\/p>\n<\/li>\n<\/ul>\n<\/div>\n<\/div>\n<\/div>\n<\/div>\n<\/div>\n<\/div>\n<div class=\"section\">\n<section class=\"vi_refresh vi_imgtxt vi_imgtxt__left  \">\n<div class=\"vi_row\">\n<div class=\"vi_col_6 vi_imgtxt_image\"><img decoding=\"async\" class=\"vi_js_responsive_image\" src=\"http:\/\/www.viessmann.sk\/content\/dam\/vi-brands\/DE\/Produkte\/Festbrennstoffkessel\/Pelletkessel\/heizen-holz-pellets.jpg\/_jcr_content\/renditions\/original.image_file.460.258.file\/heizen-holz-pellets.jpg\" alt=\"heizen-holz-pellets.jpg\" data-resp-src=\"[{&quot;mq&quot;:&quot;vi_asset_xl&quot;,&quot;src&quot;:&quot;\/content\/dam\/vi-brands\/DE\/Produkte\/Festbrennstoffkessel\/Pelletkessel\/heizen-holz-pellets.jpg\/_jcr_content\/renditions\/original.\/heizen-holz-pellets.jpg&quot;},{&quot;mq&quot;:&quot;vi_asset_l&quot;,&quot;src&quot;:&quot;\/content\/dam\/vi-brands\/DE\/Produkte\/Festbrennstoffkessel\/Pelletkessel\/heizen-holz-pellets.jpg\/_jcr_content\/renditions\/original.image_file.460.258.file\/heizen-holz-pellets.jpg&quot;},{&quot;mq&quot;:&quot;vi_asset_m&quot;,&quot;src&quot;:&quot;\/content\/dam\/vi-brands\/DE\/Produkte\/Festbrennstoffkessel\/Pelletkessel\/heizen-holz-pellets.jpg\/_jcr_content\/renditions\/original.image_file.310.174.file\/heizen-holz-pellets.jpg&quot;},{&quot;mq&quot;:&quot;vi_asset_s&quot;,&quot;src&quot;:&quot;\/content\/dam\/vi-brands\/DE\/Produkte\/Festbrennstoffkessel\/Pelletkessel\/heizen-holz-pellets.jpg\/_jcr_content\/renditions\/original.image_file.605.341.file\/heizen-holz-pellets.jpg&quot;}]\" \/><\/div>\n<div class=\"vi_col_6 vi_imgtxt_text\">\n<div class=\"vi_rich_text\">\n<h3>Pelety<\/h3>\n<p>Pelety predstavuj\u00fa komprimovan\u00fa formu energie dreva s vysokou v\u00fdhrevnos\u0165ou. Na v\u00fdrobu peletov pod\u013ea noriem DIN-Plus alebo \u00d6NORM sa pou\u017e\u00edvaj\u00fa zo 100 percent dreven\u00e9 zvy\u0161ky v pr\u00edrodnom stave. T\u00e1to surovina vznik\u00e1 vo ve\u013ek\u00fdch mno\u017estv\u00e1ch vo forme hobl\u00edn \u010di pil\u00edn ako odpad v drevospracuj\u00facom priemysle.<\/p>\n<\/div>\n<div><\/div>\n<\/div>\n<\/div>\n<\/section>\n<\/div>\n<\/div>\n<div>\n<section class=\"vi_product_overview vi_js_product_overview\">\n<div class=\"vi_row\">\n<header class=\"vi_component_header\">\n<h3 class=\"vi_headline_1\">Peletov\u00e9 kotly<\/h3>\n<p class=\"vi_sub_headline\">Peletov\u00e9 vykurovanie a sol\u00e1rna technika sa daj\u00fa priam ide\u00e1lne kombinova\u0165!<\/p>\n<div class=\"vi_product_overview_nav\"><\/div>\n<\/header>\n<div class=\"vi_product_overview_row\">\n<div class=\"vi_col_4\">\n<div class=\"vi_product_overview_img_container\"><img decoding=\"async\" class=\"vi_js_responsive_image\" title=\"Vollautomatischer Pelletkessel Vitoligno 300-C\" src=\"http:\/\/www.viessmann.sk\/content\/dam\/vi-brands\/DE\/Produkte\/Festbrennstoffkessel\/Pelletkessel\/Vitoligno-300-C\/Vitoligno-300-C-thn-XL.png\/_jcr_content\/renditions\/original.image_file.250.155.file\/Vitoligno-300-C-thn-XL.png\" alt=\"Vollautomatischer Pelletkessel Vitoligno 300-C\" data-resp-src=\"[{&quot;mq&quot;:&quot;vi_asset_xl&quot;,&quot;src&quot;:&quot;http:\/\/www.viessmann.sk\/content\/dam\/vi-brands\/DE\/Produkte\/Festbrennstoffkessel\/Pelletkessel\/Vitoligno-300-C\/Vitoligno-300-C-thn-XL.png\/_jcr_content\/renditions\/original.\/Vitoligno-300-C-thn-XL.png&quot;},{&quot;mq&quot;:&quot;vi_asset_m&quot;,&quot;src&quot;:&quot;http:\/\/www.viessmann.sk\/content\/dam\/vi-brands\/DE\/Produkte\/Festbrennstoffkessel\/Pelletkessel\/Vitoligno-300-C\/Vitoligno-300-C-thn-XL.png\/_jcr_content\/renditions\/original.image_file.250.155.file\/Vitoligno-300-C-thn-XL.png&quot;},{&quot;mq&quot;:&quot;vi_asset_s&quot;,&quot;src&quot;:&quot;http:\/\/www.viessmann.sk\/content\/dam\/vi-brands\/DE\/Produkte\/Festbrennstoffkessel\/Pelletkessel\/Vitoligno-300-C\/Vitoligno-300-C-thn-XL.png\/_jcr_content\/renditions\/cq5dam.web.1280.1280.png.image_file.70.70.65,0,279,214.file\/cq5dam.web.1280.1280.png&quot;}]\" \/><\/div>\n<h2 class=\"vi_product_2\">Vitoligno 300-C<\/h2>\n<p>Kompaktn\u00fd, plnoautomatick\u00fd kotol na pelety, rozp\u00e4tie menovit\u00e9ho tepeln\u00e9ho v\u00fdkonu: 2,4 a\u017e 12 kW, rodinn\u00fd dom, nov\u00e1 v\u00fdstavba ako aj moderniz\u00e1cia<\/p>\n<\/div>\n<div class=\"vi_col_4\">\n<div class=\"vi_product_overview_img_container\"><img decoding=\"async\" class=\"vi_js_responsive_image\" title=\"Vollautomatischer Biomassekessel Vitoligno 300-H\" src=\"http:\/\/www.viessmann.sk\/content\/dam\/vi-brands\/DE\/Produkte\/Festbrennstoffkessel\/Pelletkessel\/Vitoligno-300-H\/Vitoligno-300-H-thn-XL.png\/_jcr_content\/renditions\/original.image_file.250.155.file\/Vitoligno-300-H-thn-XL.png\" alt=\"Vollautomatischer Biomassekessel Vitoligno 300-H\" data-resp-src=\"[{&quot;mq&quot;:&quot;vi_asset_xl&quot;,&quot;src&quot;:&quot;http:\/\/www.viessmann.sk\/content\/dam\/vi-brands\/DE\/Produkte\/Festbrennstoffkessel\/Pelletkessel\/Vitoligno-300-H\/Vitoligno-300-H-thn-XL.png\/_jcr_content\/renditions\/original.\/Vitoligno-300-H-thn-XL.png&quot;},{&quot;mq&quot;:&quot;vi_asset_m&quot;,&quot;src&quot;:&quot;http:\/\/www.viessmann.sk\/content\/dam\/vi-brands\/DE\/Produkte\/Festbrennstoffkessel\/Pelletkessel\/Vitoligno-300-H\/Vitoligno-300-H-thn-XL.png\/_jcr_content\/renditions\/original.image_file.250.155.file\/Vitoligno-300-H-thn-XL.png&quot;},{&quot;mq&quot;:&quot;vi_asset_s&quot;,&quot;src&quot;:&quot;http:\/\/www.viessmann.sk\/content\/dam\/vi-brands\/DE\/Produkte\/Festbrennstoffkessel\/Pelletkessel\/Vitoligno-300-H\/Vitoligno-300-H-thn-XL.png\/_jcr_content\/renditions\/cq5dam.web.1280.1280.png.image_file.70.70.56,0,270,214.file\/cq5dam.web.1280.1280.png&quot;}]\" \/><\/div>\n<h2 class=\"vi_product_2\">Vitoligno 300-H<\/h2>\n<p>Plnoautomatick\u00fd kotol na dreven\u00e9 pelety alebo drevn\u00fa \u0161tiepku, rozp\u00e4tie menovit\u00e9ho tepeln\u00e9ho v\u00fdkonu: 50, 60, 80, 99 a 101 kW, rodinn\u00fd\/bytov\u00fd dom, komer\u010dn\u00e1 prev\u00e1dzka, obce, novostavby ako aj moderniz\u00e1cie<\/p>\n<\/div>\n<div class=\"vi_col_4\">\n<div class=\"vi_product_overview_img_container\"><img decoding=\"async\" class=\"vi_js_responsive_image\" title=\"Vitoligno 250-F - Holzheizkessel f\u00fcr Scheitholz\" src=\"http:\/\/www.viessmann.sk\/content\/dam\/vi-brands\/DE\/Produkte\/Festbrennstoffkessel\/Pelletkessel\/Vitoligno-250-F\/Vitoligno-250-F-thn-XL.png\/_jcr_content\/renditions\/original.image_file.250.155.file\/Vitoligno-250-F-thn-XL.png\" alt=\"Vitoligno 250-F - Holzheizkessel f\u00fcr Scheitholz\" data-resp-src=\"[{&quot;mq&quot;:&quot;vi_asset_xl&quot;,&quot;src&quot;:&quot;http:\/\/www.viessmann.sk\/content\/dam\/vi-brands\/DE\/Produkte\/Festbrennstoffkessel\/Pelletkessel\/Vitoligno-250-F\/Vitoligno-250-F-thn-XL.png\/_jcr_content\/renditions\/original.\/Vitoligno-250-F-thn-XL.png&quot;},{&quot;mq&quot;:&quot;vi_asset_m&quot;,&quot;src&quot;:&quot;http:\/\/www.viessmann.sk\/content\/dam\/vi-brands\/DE\/Produkte\/Festbrennstoffkessel\/Pelletkessel\/Vitoligno-250-F\/Vitoligno-250-F-thn-XL.png\/_jcr_content\/renditions\/original.image_file.250.155.file\/Vitoligno-250-F-thn-XL.png&quot;},{&quot;mq&quot;:&quot;vi_asset_s&quot;,&quot;src&quot;:&quot;http:\/\/www.viessmann.sk\/content\/dam\/vi-brands\/DE\/Produkte\/Festbrennstoffkessel\/Pelletkessel\/Vitoligno-250-F\/Vitoligno-250-F-thn-XL.png\/_jcr_content\/renditions\/cq5dam.web.1280.1280.png.image_file.70.70.70,0,284,214.file\/cq5dam.web.1280.1280.png&quot;}]\" \/><\/div>\n<h2 class=\"vi_product_2\">Vitoligno 250-F<\/h2>\n<p>Vykurovac\u00ed kotol na drevo na kusov\u00e9 drevo, dreven\u00e9 brikety, dreven\u00e9 zvy\u0161ky, drevn\u00fa \u0161tiepku a pelety, rozp\u00e4tie menovit\u00e9ho tepeln\u00e9ho v\u00fdkonu: 35 a\u017e 100 kW, rodinn\u00fd\/bytov\u00fd dom, komer\u010dn\u00e1 prev\u00e1dzka, obce, novostavby ako aj moderniz\u00e1cie<\/p>\n<\/div>\n<\/div>\n<\/div>\n<\/section>\n<\/div>\n","protected":false},"excerpt":{"rendered":"<p>Peletov\u00e9 kotly Vykurovac\u00ed kotol na pelety | \u00a0Vykurovanie drevom (PDF 4 MB) Pelety Pelety predstavuj\u00fa komprimovan\u00fa formu energie dreva s vysokou v\u00fdhrevnos\u0165ou. Na v\u00fdrobu peletov pod\u013ea noriem DIN-Plus alebo \u00d6NORM sa pou\u017e\u00edvaj\u00fa zo 100 percent dreven\u00e9 zvy\u0161ky v pr\u00edrodnom stave. T\u00e1to surovina vznik\u00e1 vo ve\u013ek\u00fdch mno\u017estv\u00e1ch vo forme hobl\u00edn \u010di pil\u00edn ako odpad v drevospracuj\u00facom [&hellip;]<\/p>\n","protected":false},"author":1,"featured_media":0,"parent":7,"menu_order":0,"comment_status":"closed","ping_status":"closed","template":"","meta":{"spay_email":"","footnotes":""},"_links":{"self":[{"href":"https:\/\/bbheating.sk\/index.php?rest_route=\/wp\/v2\/pages\/332"}],"collection":[{"href":"https:\/\/bbheating.sk\/index.php?rest_route=\/wp\/v2\/pages"}],"about":[{"href":"https:\/\/bbheating.sk\/index.php?rest_route=\/wp\/v2\/types\/page"}],"author":[{"embeddable":true,"href":"https:\/\/bbheating.sk\/index.php?rest_route=\/wp\/v2\/users\/1"}],"replies":[{"embeddable":true,"href":"https:\/\/bbheating.sk\/index.php?rest_route=%2Fwp%2Fv2%2Fcomments&post=332"}],"version-history":[{"count":0,"href":"https:\/\/bbheating.sk\/index.php?rest_route=\/wp\/v2\/pages\/332\/revisions"}],"up":[{"embeddable":true,"href":"https:\/\/bbheating.sk\/index.php?rest_route=\/wp\/v2\/pages\/7"}],"wp:attachment":[{"href":"https:\/\/bbheating.sk\/index.php?rest_route=%2Fwp%2Fv2%2Fmedia&parent=332"}],"curies":[{"name":"wp","href":"https:\/\/api.w.org\/{rel}","templated":true}]}}