{"id":330,"date":"2015-09-26T04:30:23","date_gmt":"2015-09-26T04:30:23","guid":{"rendered":"https:\/\/bbheating.sk\/?page_id=330"},"modified":"2015-09-26T04:30:23","modified_gmt":"2015-09-26T04:30:23","slug":"kotol-na-kusove-drevo","status":"publish","type":"page","link":"https:\/\/bbheating.sk\/?page_id=330","title":{"rendered":"Kotol na kusov\u00e9 drevo"},"content":{"rendered":"<div>\n<div class=\"section\">\n<div class=\"vi_refresh\">\n<div class=\"vi_js_stage vi_stage_content vi_hide_in_edit vi_stage_single_mode\">\n<div class=\"vi_row\">\n<div class=\"vi_stage_overlay\">\n<div class=\"vi_carousel vi_carousel_stage_overlay\">\n<ul class=\"vi_carousel_list\">\n<li class=\"vi_carousel_item vi_stage_overlay_item\">\n<h2 class=\"vi_headline_1\"><span style=\"color: #ff0000;\">Kotol na kusov\u00e9 drevo<\/span><\/h2>\n<p class=\"vi_copy\">Vykurovac\u00ed kotol na kusov\u00e9 drevo \u00a0 \u00a0| \u00a0\u00a0<a class=\" vi_icon_link__download\" href=\"http:\/\/www.viessmann.sk\/content\/dam\/vi-brands\/DE\/PDF\/Technologien\/pr-heizen_mit_holz.pdf\/_jcr_content\/renditions\/original.media_file.download_attachment.file\/pr-heizen_mit_holz.pdf\">Vykurovanie drevom (PDF 4 MB)<\/a><\/p>\n<\/li>\n<\/ul>\n<\/div>\n<\/div>\n<\/div>\n<\/div>\n<\/div>\n<\/div>\n<div class=\"section\">\n<section class=\"vi_refresh vi_imgtxt vi_imgtxt__left  \">\n<div class=\"vi_row\">\n<div class=\"vi_col_6 vi_imgtxt_image\"><img decoding=\"async\" class=\"vi_js_responsive_image\" src=\"http:\/\/www.viessmann.sk\/content\/dam\/vi-brands\/DE\/Produkte\/Festbrennstoffkessel\/Holzkessel\/heizen-holz-scheitholz.jpg\/_jcr_content\/renditions\/original.image_file.460.258.file\/heizen-holz-scheitholz.jpg\" alt=\"heizen-holz-scheitholz.jpg\" data-resp-src=\"[{&quot;mq&quot;:&quot;vi_asset_xl&quot;,&quot;src&quot;:&quot;\/content\/dam\/vi-brands\/DE\/Produkte\/Festbrennstoffkessel\/Holzkessel\/heizen-holz-scheitholz.jpg\/_jcr_content\/renditions\/original.\/heizen-holz-scheitholz.jpg&quot;},{&quot;mq&quot;:&quot;vi_asset_l&quot;,&quot;src&quot;:&quot;\/content\/dam\/vi-brands\/DE\/Produkte\/Festbrennstoffkessel\/Holzkessel\/heizen-holz-scheitholz.jpg\/_jcr_content\/renditions\/original.image_file.460.258.file\/heizen-holz-scheitholz.jpg&quot;},{&quot;mq&quot;:&quot;vi_asset_m&quot;,&quot;src&quot;:&quot;\/content\/dam\/vi-brands\/DE\/Produkte\/Festbrennstoffkessel\/Holzkessel\/heizen-holz-scheitholz.jpg\/_jcr_content\/renditions\/original.image_file.310.174.file\/heizen-holz-scheitholz.jpg&quot;},{&quot;mq&quot;:&quot;vi_asset_s&quot;,&quot;src&quot;:&quot;\/content\/dam\/vi-brands\/DE\/Produkte\/Festbrennstoffkessel\/Holzkessel\/heizen-holz-scheitholz.jpg\/_jcr_content\/renditions\/original.image_file.605.341.file\/heizen-holz-scheitholz.jpg&quot;}]\" \/><\/div>\n<div class=\"vi_col_6 vi_imgtxt_text\">\n<div class=\"vi_rich_text\">\n<h3>Kusov\u00e9 drevo<\/h3>\n<p>Kusov\u00e9 drevo je ide\u00e1lne pre v\u0161etk\u00fdch, ktor\u00ed si dok\u00e1\u017eu palivov\u00e9 drevo obstara\u0165 sami &#8211; napr. z dom\u00e1ceho lesn\u00e9ho hospod\u00e1rstva. Drevo mus\u00ed by\u0165 patri\u010dne vysu\u0161en\u00e9, teda vhodne skladovan\u00e9 a mus\u00ed vykazova\u0165 \u010do najni\u017e\u0161iu zvy\u0161kov\u00fa vlhkos\u0165. Na priebe\u017en\u00fa pr\u00edpravu teplej vody je potrebn\u00fd navy\u0161e e\u0161te hor\u00facovodn\u00fd vyrovn\u00e1vac\u00ed z\u00e1sobn\u00edk.<\/p>\n<\/div>\n<div><\/div>\n<\/div>\n<\/div>\n<\/section>\n<\/div>\n<\/div>\n<div>\n<section class=\"vi_product_overview vi_js_product_overview\">\n<div class=\"vi_row\">\n<header class=\"vi_component_header\">\n<h3 class=\"vi_headline_1\">Kotol na kusov\u00e9 drevo<\/h3>\n<p class=\"vi_sub_headline\">Pri zoh\u013eadnen\u00ed celkov\u00fdch potrebn\u00fdch invest\u00edci\u00ed predstavuje pri dne\u0161n\u00fdch cen\u00e1ch energi\u00ed vykurovanie na drevo hospod\u00e1rnu alternat\u00edvu. Kotly na drevo od firmy Viessmann sa vyzna\u010duj\u00fa vysokou \u00fa\u010dinnos\u0165ou a n\u00edzkou spotrebou.<\/p>\n<div class=\"vi_product_overview_nav\"><\/div>\n<\/header>\n<div class=\"vi_product_overview_row\">\n<div class=\"vi_col_4\">\n<div class=\"vi_product_overview_img_container\"><img decoding=\"async\" class=\"vi_js_responsive_image\" title=\"Scheitholz-Vergaserkessel Vitoligno 100-S\" src=\"http:\/\/www.viessmann.sk\/content\/dam\/vi-brands\/DE\/Produkte\/Festbrennstoffkessel\/Holzkessel\/Vitoligno-100-S\/Vitoligno-100-S-thn-XL.png\/_jcr_content\/renditions\/original.image_file.250.155.file\/Vitoligno-100-S-thn-XL.png\" alt=\"Scheitholz-Vergaserkessel Vitoligno 100-S\" data-resp-src=\"[{&quot;mq&quot;:&quot;vi_asset_xl&quot;,&quot;src&quot;:&quot;http:\/\/www.viessmann.sk\/content\/dam\/vi-brands\/DE\/Produkte\/Festbrennstoffkessel\/Holzkessel\/Vitoligno-100-S\/Vitoligno-100-S-thn-XL.png\/_jcr_content\/renditions\/original.\/Vitoligno-100-S-thn-XL.png&quot;},{&quot;mq&quot;:&quot;vi_asset_m&quot;,&quot;src&quot;:&quot;http:\/\/www.viessmann.sk\/content\/dam\/vi-brands\/DE\/Produkte\/Festbrennstoffkessel\/Holzkessel\/Vitoligno-100-S\/Vitoligno-100-S-thn-XL.png\/_jcr_content\/renditions\/original.image_file.250.155.file\/Vitoligno-100-S-thn-XL.png&quot;},{&quot;mq&quot;:&quot;vi_asset_s&quot;,&quot;src&quot;:&quot;http:\/\/www.viessmann.sk\/content\/dam\/vi-brands\/DE\/Produkte\/Festbrennstoffkessel\/Holzkessel\/Vitoligno-100-S\/Vitoligno-100-S-thn-XL.png\/_jcr_content\/renditions\/cq5dam.web.1280.1280.png.image_file.70.70.67,0,281,214.file\/cq5dam.web.1280.1280.png&quot;}]\" \/><\/div>\n<h2 class=\"vi_product_2\">Vitoligno 100-S<\/h2>\n<p>Kusov\u00e9 drevo, menovit\u00fd tepeln\u00fd v\u00fdkon: 20 kW, rodinn\u00fd dom, nov\u00e1 v\u00fdstavba a moderniz\u00e1cia<\/p>\n<\/div>\n<div class=\"vi_col_4\">\n<div class=\"vi_product_overview_img_container\"><img decoding=\"async\" class=\"vi_js_responsive_image\" title=\"Scheitholzkessel Vitoligno 250-S\" src=\"http:\/\/www.viessmann.sk\/content\/dam\/vi-brands\/DE\/Produkte\/Festbrennstoffkessel\/Holzkessel\/Vitoligno-250-S\/Vitoligno-250-S-100kW-thn-XL.png\/_jcr_content\/renditions\/original.image_file.250.155.file\/Vitoligno-250-S-100kW-thn-XL.png\" alt=\"Scheitholzkessel Vitoligno 250-S\" data-resp-src=\"[{&quot;mq&quot;:&quot;vi_asset_xl&quot;,&quot;src&quot;:&quot;http:\/\/www.viessmann.sk\/content\/dam\/vi-brands\/DE\/Produkte\/Festbrennstoffkessel\/Holzkessel\/Vitoligno-250-S\/Vitoligno-250-S-100kW-thn-XL.png\/_jcr_content\/renditions\/original.\/Vitoligno-250-S-100kW-thn-XL.png&quot;},{&quot;mq&quot;:&quot;vi_asset_m&quot;,&quot;src&quot;:&quot;http:\/\/www.viessmann.sk\/content\/dam\/vi-brands\/DE\/Produkte\/Festbrennstoffkessel\/Holzkessel\/Vitoligno-250-S\/Vitoligno-250-S-100kW-thn-XL.png\/_jcr_content\/renditions\/original.image_file.250.155.file\/Vitoligno-250-S-100kW-thn-XL.png&quot;},{&quot;mq&quot;:&quot;vi_asset_s&quot;,&quot;src&quot;:&quot;http:\/\/www.viessmann.sk\/content\/dam\/vi-brands\/DE\/Produkte\/Festbrennstoffkessel\/Holzkessel\/Vitoligno-250-S\/Vitoligno-250-S-100kW-thn-XL.png\/_jcr_content\/renditions\/cq5dam.web.1280.1280.png.image_file.70.70.63,0,277,214.file\/cq5dam.web.1280.1280.png&quot;}]\" \/><\/div>\n<h2 class=\"vi_product_2\">Vitoligno 250-S<\/h2>\n<p>Kotol na kusov\u00e9 drevo, na polmetrov\u00e9 a metrov\u00e9 polen\u00e1, 40 do 170 kW, rodinn\u00fd\/bytov\u00fd dom, komer\u010dn\u00e1 prev\u00e1dzka, obce, novostavby ako aj moderniz\u00e1cie<\/p>\n<\/div>\n<\/div>\n<\/div>\n<\/section>\n<\/div>\n","protected":false},"excerpt":{"rendered":"<p>Kotol na kusov\u00e9 drevo Vykurovac\u00ed kotol na kusov\u00e9 drevo \u00a0 \u00a0| \u00a0\u00a0Vykurovanie drevom (PDF 4 MB) Kusov\u00e9 drevo Kusov\u00e9 drevo je ide\u00e1lne pre v\u0161etk\u00fdch, ktor\u00ed si dok\u00e1\u017eu palivov\u00e9 drevo obstara\u0165 sami &#8211; napr. z dom\u00e1ceho lesn\u00e9ho hospod\u00e1rstva. Drevo mus\u00ed by\u0165 patri\u010dne vysu\u0161en\u00e9, teda vhodne skladovan\u00e9 a mus\u00ed vykazova\u0165 \u010do najni\u017e\u0161iu zvy\u0161kov\u00fa vlhkos\u0165. Na priebe\u017en\u00fa pr\u00edpravu [&hellip;]<\/p>\n","protected":false},"author":1,"featured_media":0,"parent":7,"menu_order":0,"comment_status":"closed","ping_status":"closed","template":"","meta":{"spay_email":"","footnotes":""},"_links":{"self":[{"href":"https:\/\/bbheating.sk\/index.php?rest_route=\/wp\/v2\/pages\/330"}],"collection":[{"href":"https:\/\/bbheating.sk\/index.php?rest_route=\/wp\/v2\/pages"}],"about":[{"href":"https:\/\/bbheating.sk\/index.php?rest_route=\/wp\/v2\/types\/page"}],"author":[{"embeddable":true,"href":"https:\/\/bbheating.sk\/index.php?rest_route=\/wp\/v2\/users\/1"}],"replies":[{"embeddable":true,"href":"https:\/\/bbheating.sk\/index.php?rest_route=%2Fwp%2Fv2%2Fcomments&post=330"}],"version-history":[{"count":0,"href":"https:\/\/bbheating.sk\/index.php?rest_route=\/wp\/v2\/pages\/330\/revisions"}],"up":[{"embeddable":true,"href":"https:\/\/bbheating.sk\/index.php?rest_route=\/wp\/v2\/pages\/7"}],"wp:attachment":[{"href":"https:\/\/bbheating.sk\/index.php?rest_route=%2Fwp%2Fv2%2Fmedia&parent=330"}],"curies":[{"name":"wp","href":"https:\/\/api.w.org\/{rel}","templated":true}]}}