{"id":33,"date":"2011-02-06T22:17:01","date_gmt":"2011-02-06T22:17:01","guid":{"rendered":"https:\/\/bbheating.sk\/?page_id=33"},"modified":"2015-09-26T04:17:01","modified_gmt":"2015-09-26T04:17:01","slug":"plynove-kotly","status":"publish","type":"page","link":"https:\/\/bbheating.sk\/?page_id=33","title":{"rendered":"N\u00edzkoteplotn\u00e9 vykurovacie plynov\u00e9 kotly"},"content":{"rendered":"<h2><img loading=\"lazy\" decoding=\"async\" class=\"size-full wp-image-218 alignright\" src=\"https:\/\/bbheating.sk\/wp-content\/uploads\/2012\/06\/viessmann.gif\" alt=\"viessmann\" width=\"203\" height=\"66\" \/><span style=\"color: #ff0000;\">N\u00edzkoteplotn\u00e9 vykurovacie plynov\u00e9 kotly<\/span><\/h2>\n<div>\n<div class=\"section\">\n<div class=\"vi_refresh\">\n<div class=\"vi_js_stage vi_stage_content vi_hide_in_edit vi_stage_single_mode\">\n<div class=\"vi_row\">\n<div class=\"vi_stage_overlay\">\n<div class=\"vi_carousel vi_carousel_stage_overlay\">\n<ul class=\"vi_carousel_list\">\n<li class=\"vi_carousel_item vi_stage_overlay_item\">\n<p class=\"vi_copy\">Ako lacn\u00e9 a efekt\u00edvne rie\u0161enie pre moderniz\u00e1ciu sa pon\u00fakaj\u00fa plynov\u00e9 kotly Vitopend, Vitorond a Vitoplex<\/p>\n<\/li>\n<\/ul>\n<\/div>\n<\/div>\n<\/div>\n<\/div>\n<\/div>\n<\/div>\n<div class=\"section\">\n<section class=\"vi_refresh vi_imgtxt vi_imgtxt__left  \">\n<div class=\"vi_row\">\n<div class=\"vi_col_6 vi_imgtxt_image\"><img decoding=\"async\" class=\"vi_js_responsive_image\" src=\"http:\/\/www.viessmann.sk\/content\/dam\/vi-brands\/DE\/Produkte\/Niedertemperatur-Gas-Heizkessel\/Heizflaeche-Spezial-Grauguss-1-2.jpg\/_jcr_content\/renditions\/original.image_file.460.258.file\/Heizflaeche-Spezial-Grauguss-1-2.jpg\" alt=\"Heizflaeche-Spezial-Grauguss-1-2.jpg\" data-resp-src=\"[{&quot;mq&quot;:&quot;vi_asset_xl&quot;,&quot;src&quot;:&quot;\/content\/dam\/vi-brands\/DE\/Produkte\/Niedertemperatur-Gas-Heizkessel\/Heizflaeche-Spezial-Grauguss-1-2.jpg\/_jcr_content\/renditions\/original.\/Heizflaeche-Spezial-Grauguss-1-2.jpg&quot;},{&quot;mq&quot;:&quot;vi_asset_l&quot;,&quot;src&quot;:&quot;\/content\/dam\/vi-brands\/DE\/Produkte\/Niedertemperatur-Gas-Heizkessel\/Heizflaeche-Spezial-Grauguss-1-2.jpg\/_jcr_content\/renditions\/original.image_file.460.258.file\/Heizflaeche-Spezial-Grauguss-1-2.jpg&quot;},{&quot;mq&quot;:&quot;vi_asset_m&quot;,&quot;src&quot;:&quot;\/content\/dam\/vi-brands\/DE\/Produkte\/Niedertemperatur-Gas-Heizkessel\/Heizflaeche-Spezial-Grauguss-1-2.jpg\/_jcr_content\/renditions\/original.image_file.310.174.file\/Heizflaeche-Spezial-Grauguss-1-2.jpg&quot;},{&quot;mq&quot;:&quot;vi_asset_s&quot;,&quot;src&quot;:&quot;\/content\/dam\/vi-brands\/DE\/Produkte\/Niedertemperatur-Gas-Heizkessel\/Heizflaeche-Spezial-Grauguss-1-2.jpg\/_jcr_content\/renditions\/original.image_file.605.341.file\/Heizflaeche-Spezial-Grauguss-1-2.jpg&quot;}]\" \/><\/div>\n<div class=\"vi_col_6 vi_imgtxt_text\">\n<div class=\"vi_rich_text\">\n<h3>Vykurovacie plochy s\u00fa zo \u0161peci\u00e1lnej liatiny<\/h3>\n<p>Vysok\u00e1 prev\u00e1dzkov\u00e1 spo\u013eahlivos\u0165 a dlh\u00e1 akt\u00edvna \u017eivotnos\u0165 v\u010faka vykurovac\u00edm ploch\u00e1m zo \u0161peci\u00e1lnej sivej liatiny s lamelov\u00fdm grafitom a n\u00edzkym za\u0165a\u017een\u00edm<\/p>\n<\/div>\n<div><\/div>\n<\/div>\n<\/div>\n<\/section>\n<\/div>\n<\/div>\n<div>\n<section class=\"vi_product_overview vi_js_product_overview\">\n<div class=\"vi_row\">\n<header class=\"vi_component_header\">\n<h3 class=\"vi_headline_1\"><span style=\"color: #ff0000;\">N\u00edzkoteplotn\u00fd plynov\u00fd vykurovac\u00ed kotol<\/span><\/h3>\n<p class=\"vi_sub_headline\">Zatia\u013e \u010do zastaral\u00e9 vykurovacie kotly je nutn\u00e9 prev\u00e1dzkova\u0165 v\u017edy s rovnako vysokou teplotou kotlovej vody a\u017e 90 \u00b0C, plynov\u00e9 vykurovania Viessmann teplotu kotlovej vody reguluj\u00fa v z\u00e1vislosti od vonkaj\u0161ej teploty.<\/p>\n<div class=\"vi_product_overview_nav\"><img decoding=\"async\" class=\"vi_js_responsive_image\" title=\"Niedertemperatur-\u00d6l-\/Gas-Gussheizkessel Vitorond 200\" src=\"http:\/\/www.viessmann.sk\/content\/dam\/vi-brands\/DE\/Produkte\/Niedertemperatur-Oel-Gas-Heizkessel\/Vitorond-200\/Vitorond-200-VD2A-thn-XL.png\/_jcr_content\/renditions\/original.image_file.250.155.file\/Vitorond-200-VD2A-thn-XL.png\" alt=\"Niedertemperatur-\u00d6l-\/Gas-Gussheizkessel Vitorond 200\" data-resp-src=\"[{&quot;mq&quot;:&quot;vi_asset_xl&quot;,&quot;src&quot;:&quot;http:\/\/www.viessmann.sk\/content\/dam\/vi-brands\/DE\/Produkte\/Niedertemperatur-Oel-Gas-Heizkessel\/Vitorond-200\/Vitorond-200-VD2A-thn-XL.png\/_jcr_content\/renditions\/original.\/Vitorond-200-VD2A-thn-XL.png&quot;},{&quot;mq&quot;:&quot;vi_asset_m&quot;,&quot;src&quot;:&quot;http:\/\/www.viessmann.sk\/content\/dam\/vi-brands\/DE\/Produkte\/Niedertemperatur-Oel-Gas-Heizkessel\/Vitorond-200\/Vitorond-200-VD2A-thn-XL.png\/_jcr_content\/renditions\/original.image_file.250.155.file\/Vitorond-200-VD2A-thn-XL.png&quot;},{&quot;mq&quot;:&quot;vi_asset_s&quot;,&quot;src&quot;:&quot;http:\/\/www.viessmann.sk\/content\/dam\/vi-brands\/DE\/Produkte\/Niedertemperatur-Oel-Gas-Heizkessel\/Vitorond-200\/Vitorond-200-VD2A-thn-XL.png\/_jcr_content\/renditions\/cq5dam.web.1280.1280.png.image_file.70.70.66,0,280,214.file\/cq5dam.web.1280.1280.png&quot;}]\" \/><\/div>\n<\/header>\n<div class=\"vi_product_overview_row\">\n<div class=\"vi_col_4\">\n<h2 class=\"vi_product_2\">Vitorond 200<\/h2>\n<p>N\u00edzkoteplotn\u00fd liatinov\u00fd vykurovac\u00ed kotol na vykurovac\u00ed olej \u010di plyn. Troj\u0165ahov\u00e9 kotly, menovit\u00fd tepeln\u00fd v\u00fdkon: 125 a\u017e 1080 kW, bytov\u00fd dom, ve\u013ek\u00e9 obytn\u00e9 budovy, komer\u010dn\u00e9 jednotky\/\u017eivnosti, obce, novostavby ako aj moderniz\u00e1cie<\/p>\n<\/div>\n<div class=\"vi_col_4\">\n<div class=\"vi_product_overview_img_container\"><img decoding=\"async\" class=\"vi_js_responsive_image\" title=\"Gas-Umlauf-\/Kombiwasserheizer Vitopend 100-W\" src=\"http:\/\/www.viessmann.cz\/content\/dam\/vi-brands\/Global\/Vitopend-100-W-A1JA\/Product-thumbnail-346%C3%97214.jpg\/_jcr_content\/renditions\/Product-thumbnail-250%C3%97155.jpg.\/Product-thumbnail-250%C3%97155.jpg\" alt=\"Gas-Umlauf-\/Kombiwasserheizer Vitopend 100-W\" data-resp-src=\"[{&quot;mq&quot;:&quot;vi_asset_xl&quot;,&quot;src&quot;:&quot;http:\/\/www.viessmann.cz\/content\/dam\/vi-brands\/Global\/Vitopend-100-W-A1JA\/Product-thumbnail-346%C3%97214.jpg\/_jcr_content\/renditions\/original.\/Product-thumbnail-346%C3%97214.jpg&quot;},{&quot;mq&quot;:&quot;vi_asset_m&quot;,&quot;src&quot;:&quot;http:\/\/www.viessmann.cz\/content\/dam\/vi-brands\/Global\/Vitopend-100-W-A1JA\/Product-thumbnail-346%C3%97214.jpg\/_jcr_content\/renditions\/Product-thumbnail-250%C3%97155.jpg.\/Product-thumbnail-250%C3%97155.jpg&quot;},{&quot;mq&quot;:&quot;vi_asset_s&quot;,&quot;src&quot;:&quot;http:\/\/www.viessmann.cz\/content\/dam\/vi-brands\/Global\/Vitopend-100-W-A1JA\/Product-thumbnail-346%C3%97214.jpg\/_jcr_content\/renditions\/Product-thumbnail-70%C3%9770.jpg.\/Product-thumbnail-70%C3%9770.jpg&quot;}]\" \/><\/div>\n<h2 class=\"vi_product_2\">Vitopend 100-W<\/h2>\n<p>Plynov\u00fd kotel, jmenovit\u00fd tepeln\u00fd v\u00fdkon: 10,5 a\u017e 24 kW, rodinn\u00fd d\u016fm, mezonetov\u00e9 byty v bytov\u00e9m dom\u011b, modernizace.<\/p>\n<\/div>\n<div class=\"vi_col_4\">\n<div class=\"vi_product_overview_img_container\"><img decoding=\"async\" class=\"vi_js_responsive_image\" title=\"Niedertemperatur-\u00d6l-\/Gas-Heizkessel Vitoplex 200\" src=\"http:\/\/www.viessmann.sk\/content\/dam\/vi-brands\/DE\/Produkte\/Niedertemperatur-Oel-Gas-Heizkessel\/Vitoplex-200\/Vitoplex-200-560kW-thn-XL.png\/_jcr_content\/renditions\/original.image_file.250.155.file\/Vitoplex-200-560kW-thn-XL.png\" alt=\"Niedertemperatur-\u00d6l-\/Gas-Heizkessel Vitoplex 200\" data-resp-src=\"[{&quot;mq&quot;:&quot;vi_asset_xl&quot;,&quot;src&quot;:&quot;http:\/\/www.viessmann.sk\/content\/dam\/vi-brands\/DE\/Produkte\/Niedertemperatur-Oel-Gas-Heizkessel\/Vitoplex-200\/Vitoplex-200-560kW-thn-XL.png\/_jcr_content\/renditions\/original.\/Vitoplex-200-560kW-thn-XL.png&quot;},{&quot;mq&quot;:&quot;vi_asset_m&quot;,&quot;src&quot;:&quot;http:\/\/www.viessmann.sk\/content\/dam\/vi-brands\/DE\/Produkte\/Niedertemperatur-Oel-Gas-Heizkessel\/Vitoplex-200\/Vitoplex-200-560kW-thn-XL.png\/_jcr_content\/renditions\/original.image_file.250.155.file\/Vitoplex-200-560kW-thn-XL.png&quot;},{&quot;mq&quot;:&quot;vi_asset_s&quot;,&quot;src&quot;:&quot;http:\/\/www.viessmann.sk\/content\/dam\/vi-brands\/DE\/Produkte\/Niedertemperatur-Oel-Gas-Heizkessel\/Vitoplex-200\/Vitoplex-200-560kW-thn-XL.png\/_jcr_content\/renditions\/cq5dam.web.1280.1280.png.image_file.70.70.68,0,282,214.file\/cq5dam.web.1280.1280.png&quot;}]\" \/><\/div>\n<h2 class=\"vi_product_2\">Vitoplex 200<\/h2>\n<p>N\u00edzkoteplotn\u00e9 kondenza\u010dn\u00e9 kotly na vykurovac\u00ed olej\/plyn, troj\u0165ahov\u00e9 kotly, menovit\u00fd tepeln\u00fd v\u00fdkon: 90 do 1950 kW, bytov\u00fd dom, ve\u013ek\u00e9 obytn\u00e9 budovy, komer\u010dn\u00e9 jednotky\/\u017eivnosti, obce, novostavby ako aj moderniz\u00e1cie<\/p>\n<\/div>\n<div class=\"vi_col_4\">\n<div class=\"vi_product_overview_img_container\"><img decoding=\"async\" class=\"vi_js_responsive_image\" title=\"Niedertemperatur-\u00d6l-\/Gas-Heizkessel Vitoplex 300\" src=\"http:\/\/www.viessmann.sk\/content\/dam\/vi-brands\/DE\/Produkte\/Niedertemperatur-Oel-Gas-Heizkessel\/Vitoplex-300\/Vitoplex-300-500kW-thn-XL.png\/_jcr_content\/renditions\/original.image_file.250.155.file\/Vitoplex-300-500kW-thn-XL.png\" alt=\"Niedertemperatur-\u00d6l-\/Gas-Heizkessel Vitoplex 300\" data-resp-src=\"[{&quot;mq&quot;:&quot;vi_asset_xl&quot;,&quot;src&quot;:&quot;http:\/\/www.viessmann.sk\/content\/dam\/vi-brands\/DE\/Produkte\/Niedertemperatur-Oel-Gas-Heizkessel\/Vitoplex-300\/Vitoplex-300-500kW-thn-XL.png\/_jcr_content\/renditions\/original.\/Vitoplex-300-500kW-thn-XL.png&quot;},{&quot;mq&quot;:&quot;vi_asset_m&quot;,&quot;src&quot;:&quot;http:\/\/www.viessmann.sk\/content\/dam\/vi-brands\/DE\/Produkte\/Niedertemperatur-Oel-Gas-Heizkessel\/Vitoplex-300\/Vitoplex-300-500kW-thn-XL.png\/_jcr_content\/renditions\/original.image_file.250.155.file\/Vitoplex-300-500kW-thn-XL.png&quot;},{&quot;mq&quot;:&quot;vi_asset_s&quot;,&quot;src&quot;:&quot;http:\/\/www.viessmann.sk\/content\/dam\/vi-brands\/DE\/Produkte\/Niedertemperatur-Oel-Gas-Heizkessel\/Vitoplex-300\/Vitoplex-300-500kW-thn-XL.png\/_jcr_content\/renditions\/cq5dam.web.1280.1280.png.image_file.70.70.67,0,281,214.file\/cq5dam.web.1280.1280.png&quot;}]\" \/><\/div>\n<h2 class=\"vi_product_2\">Vitoplex 300<\/h2>\n<p>N\u00edzkoteplotn\u00e9 kondenza\u010dn\u00e9 kotly na vykurovac\u00ed olej\/plyn, troj\u0165ahov\u00e9 kotly, menovit\u00fd tepeln\u00fd v\u00fdkon: 90 a\u017e 2 000 kW, bytov\u00fd dom, ve\u013ek\u00e9 obytn\u00e9 budovy, komer\u010dn\u00e9 jednotky\/\u017eivnosti, obce, novostavby ako aj moderniz\u00e1cie<\/p>\n<\/div>\n<\/div>\n<\/div>\n<\/section>\n<\/div>\n","protected":false},"excerpt":{"rendered":"<p>N\u00edzkoteplotn\u00e9 vykurovacie plynov\u00e9 kotly Ako lacn\u00e9 a efekt\u00edvne rie\u0161enie pre moderniz\u00e1ciu sa pon\u00fakaj\u00fa plynov\u00e9 kotly Vitopend, Vitorond a Vitoplex Vykurovacie plochy s\u00fa zo \u0161peci\u00e1lnej liatiny Vysok\u00e1 prev\u00e1dzkov\u00e1 spo\u013eahlivos\u0165 a dlh\u00e1 akt\u00edvna \u017eivotnos\u0165 v\u010faka vykurovac\u00edm ploch\u00e1m zo \u0161peci\u00e1lnej sivej liatiny s lamelov\u00fdm grafitom a n\u00edzkym za\u0165a\u017een\u00edm N\u00edzkoteplotn\u00fd plynov\u00fd vykurovac\u00ed kotol Zatia\u013e \u010do zastaral\u00e9 vykurovacie kotly je [&hellip;]<\/p>\n","protected":false},"author":1,"featured_media":0,"parent":7,"menu_order":0,"comment_status":"closed","ping_status":"closed","template":"","meta":{"spay_email":"","footnotes":""},"_links":{"self":[{"href":"https:\/\/bbheating.sk\/index.php?rest_route=\/wp\/v2\/pages\/33"}],"collection":[{"href":"https:\/\/bbheating.sk\/index.php?rest_route=\/wp\/v2\/pages"}],"about":[{"href":"https:\/\/bbheating.sk\/index.php?rest_route=\/wp\/v2\/types\/page"}],"author":[{"embeddable":true,"href":"https:\/\/bbheating.sk\/index.php?rest_route=\/wp\/v2\/users\/1"}],"replies":[{"embeddable":true,"href":"https:\/\/bbheating.sk\/index.php?rest_route=%2Fwp%2Fv2%2Fcomments&post=33"}],"version-history":[{"count":0,"href":"https:\/\/bbheating.sk\/index.php?rest_route=\/wp\/v2\/pages\/33\/revisions"}],"up":[{"embeddable":true,"href":"https:\/\/bbheating.sk\/index.php?rest_route=\/wp\/v2\/pages\/7"}],"wp:attachment":[{"href":"https:\/\/bbheating.sk\/index.php?rest_route=%2Fwp%2Fv2%2Fmedia&parent=33"}],"curies":[{"name":"wp","href":"https:\/\/api.w.org\/{rel}","templated":true}]}}