{"id":328,"date":"2015-09-26T04:26:07","date_gmt":"2015-09-26T04:26:07","guid":{"rendered":"https:\/\/bbheating.sk\/?page_id=328"},"modified":"2015-09-26T04:26:07","modified_gmt":"2015-09-26T04:26:07","slug":"tepelne-cerpadla","status":"publish","type":"page","link":"https:\/\/bbheating.sk\/?page_id=328","title":{"rendered":"Tepeln\u00e9 \u010derpadl\u00e1"},"content":{"rendered":"<div class=\"vi_col_12 vi_clearfix\">\n<h2 class=\"vi_headline_1\"><span style=\"color: #ff0000;\">Tepeln\u00e9 \u010derpadl\u00e1<\/span><\/h2>\n<\/div>\n<div class=\"vi_col_12 vi_prod_grp__text\">\n<div class=\"vi_rich_text\">\n<p>Tepeln\u00e9 \u010derpadl\u00e1 s\u00fa prvou vo\u013ebou, ak chcem dosiahnu\u0165 s\u00fa\u010dasne \u00fasporu n\u00e1kladov na vykurovanie a ekologick\u00fa v\u00fdrobu tepla. Energiu, ktor\u00fa vyu\u017e\u00edva tepeln\u00e9 \u010derpadlo, poskytuje toti\u017e okolit\u00e9 prostredie zadarmo a v prakticky neobmedzenom mno\u017estve. Tento plnohodnotn\u00fd vykurovac\u00ed syst\u00e9m spotrebuje len mal\u00fd podiel elektriny na pohon a \u010derpadlo &#8211; aby tento tepeln\u00fd potenci\u00e1l mohol vyu\u017ei\u0165. Tepeln\u00e9 \u010derpadlo n\u00e1m poskytuje nez\u00e1vislos\u0165 od fos\u00edlnych pal\u00edv a akt\u00edvne prispieva k zn\u00ed\u017eeniu emisi\u00ed CO2 a ochrane kl\u00edmy.<\/p>\n<\/div>\n<\/div>\n<div class=\"vi_col_12 vi_prod_grp__tiles\"><a class=\"vi_prod_grp__tile\" href=\"http:\/\/www.viessmann.sk\/sk\/obytne-budovy\/tepelne-cerpadla\/tepelne-cerpadla-typu-vzduchvoda.html\" data-type=\"warmth\" data-source=\"geothermal_heat,power\"><img decoding=\"async\" class=\"vi_js_responsive_image\" src=\"http:\/\/www.viessmann.sk\/content\/dam\/vi-brands\/DE\/Produkte\/Waermepumpen\/P-Gruppe-wp-sole-wasser-wasser.png\/_jcr_content\/renditions\/original.image_file.250.155.file\/P-Gruppe-wp-sole-wasser-wasser.png\" alt=\"P-Gruppe-wp-sole-wasser-wasser.png\" data-resp-src=\"[{&quot;mq&quot;:&quot;vi_asset_xl&quot;,&quot;src&quot;:&quot;\/content\/dam\/vi-brands\/DE\/Produkte\/Waermepumpen\/P-Gruppe-wp-sole-wasser-wasser.png\/_jcr_content\/renditions\/original.\/P-Gruppe-wp-sole-wasser-wasser.png&quot;},{&quot;mq&quot;:&quot;vi_asset_m&quot;,&quot;src&quot;:&quot;\/content\/dam\/vi-brands\/DE\/Produkte\/Waermepumpen\/P-Gruppe-wp-sole-wasser-wasser.png\/_jcr_content\/renditions\/original.image_file.250.155.file\/P-Gruppe-wp-sole-wasser-wasser.png&quot;},{&quot;mq&quot;:&quot;vi_asset_s&quot;,&quot;src&quot;:&quot;\/content\/dam\/vi-brands\/DE\/Produkte\/Waermepumpen\/P-Gruppe-wp-sole-wasser-wasser.png\/_jcr_content\/renditions\/original.image_file.135.84.file\/P-Gruppe-wp-sole-wasser-wasser.png&quot;}]\" \/><\/a><\/p>\n<h2 class=\"vi_headline_2\">Tepeln\u00e9 \u010derpadl\u00e1 typu vzduch-voda<\/h2>\n<p class=\"vi_additional_info\">Tepeln\u00e9 \u010derpadl\u00e1 typu so\u013eanka\/voda vyu\u017e\u00edvaj\u00fa teplo zeme ako prim\u00e1rny zdroj energie, bu\u010f zemn\u00e9 kolektory, alebo zemn\u00e9 sondy.<\/p>\n<p><a class=\"vi_prod_grp__tile\" href=\"http:\/\/www.viessmann.sk\/sk\/obytne-budovy\/tepelne-cerpadla\/tepelne-cerpadla-typu-vzduchvoda.html\" data-type=\"warmth\" data-source=\"geothermal_heat,power\"><img decoding=\"async\" class=\"vi_js_responsive_image\" src=\"http:\/\/www.viessmann.sk\/content\/dam\/vi-brands\/DE\/Produkte\/Waermepumpen\/P-Gruppe-wp-Luft-Wasser.png\/_jcr_content\/renditions\/original.image_file.250.155.file\/P-Gruppe-wp-Luft-Wasser.png\" alt=\"P-Gruppe-wp-Luft-Wasser.png\" data-resp-src=\"[{&quot;mq&quot;:&quot;vi_asset_xl&quot;,&quot;src&quot;:&quot;\/content\/dam\/vi-brands\/DE\/Produkte\/Waermepumpen\/P-Gruppe-wp-Luft-Wasser.png\/_jcr_content\/renditions\/original.\/P-Gruppe-wp-Luft-Wasser.png&quot;},{&quot;mq&quot;:&quot;vi_asset_m&quot;,&quot;src&quot;:&quot;\/content\/dam\/vi-brands\/DE\/Produkte\/Waermepumpen\/P-Gruppe-wp-Luft-Wasser.png\/_jcr_content\/renditions\/original.image_file.250.155.file\/P-Gruppe-wp-Luft-Wasser.png&quot;},{&quot;mq&quot;:&quot;vi_asset_s&quot;,&quot;src&quot;:&quot;\/content\/dam\/vi-brands\/DE\/Produkte\/Waermepumpen\/P-Gruppe-wp-Luft-Wasser.png\/_jcr_content\/renditions\/original.image_file.135.84.file\/P-Gruppe-wp-Luft-Wasser.png&quot;}]\" \/><\/a><\/p>\n<h2 class=\"vi_headline_2\">Tepeln\u00e9 \u010derpadl\u00e1 typu vzduch\/voda<\/h2>\n<p class=\"vi_additional_info\">Tepeln\u00e9 \u010derpadl\u00e1 typu vzduch\/voda vyu\u017e\u00edvaj\u00fa ako prim\u00e1rny zdroj energie vonkaj\u0161\u00ed alebo odpadov\u00fd vzduch.<\/p>\n<p><a class=\"vi_prod_grp__tile\" href=\"http:\/\/www.viessmann.sk\/sk\/obytne-budovy\/tepelne-cerpadla\/delene-tepelne-cerpadla-vzduchvoda.html\" data-type=\"warmth,cold\" data-source=\"geothermal_heat,power\"><img decoding=\"async\" class=\"vi_js_responsive_image\" src=\"http:\/\/www.viessmann.sk\/content\/dam\/vi-brands\/DE\/Produkte\/Waermepumpen\/P-Gruppe-wp-Split.png\/_jcr_content\/renditions\/original.image_file.250.155.file\/P-Gruppe-wp-Split.png\" alt=\"P-Gruppe-wp-Split.png\" data-resp-src=\"[{&quot;mq&quot;:&quot;vi_asset_xl&quot;,&quot;src&quot;:&quot;\/content\/dam\/vi-brands\/DE\/Produkte\/Waermepumpen\/P-Gruppe-wp-Split.png\/_jcr_content\/renditions\/original.\/P-Gruppe-wp-Split.png&quot;},{&quot;mq&quot;:&quot;vi_asset_m&quot;,&quot;src&quot;:&quot;\/content\/dam\/vi-brands\/DE\/Produkte\/Waermepumpen\/P-Gruppe-wp-Split.png\/_jcr_content\/renditions\/original.image_file.250.155.file\/P-Gruppe-wp-Split.png&quot;},{&quot;mq&quot;:&quot;vi_asset_s&quot;,&quot;src&quot;:&quot;\/content\/dam\/vi-brands\/DE\/Produkte\/Waermepumpen\/P-Gruppe-wp-Split.png\/_jcr_content\/renditions\/original.image_file.135.84.file\/P-Gruppe-wp-Split.png&quot;}]\" \/><\/a><\/p>\n<h2 class=\"vi_headline_2\">Splitov\u00e9 tepeln\u00e9 \u010derpadl\u00e1 vzduch\/voda<\/h2>\n<p class=\"vi_additional_info\">Delen\u00e9 tepeln\u00e9 \u010derpadl\u00e1 (split) sa vyzna\u010duj\u00fa rozdelen\u00edm na tich\u00fa vn\u00fatorn\u00fa jednotku a vonkaj\u0161iu vzduchov\u00fa jednotku.<\/p>\n<p><a class=\"vi_prod_grp__tile\" href=\"http:\/\/www.viessmann.sk\/sk\/obytne-budovy\/tepelne-cerpadla\/tepelne-cerpadla-na-ohrev-vody.html\" data-type=\"warmth\" data-source=\"geothermal_heat,power\"><img decoding=\"async\" class=\"vi_js_responsive_image\" src=\"http:\/\/www.viessmann.sk\/content\/dam\/vi-brands\/DE\/Produkte\/Waermepumpen\/P-Gruppe-wp-Warmwasser.png\/_jcr_content\/renditions\/original.image_file.250.155.file\/P-Gruppe-wp-Warmwasser.png\" alt=\"P-Gruppe-wp-Warmwasser.png\" data-resp-src=\"[{&quot;mq&quot;:&quot;vi_asset_xl&quot;,&quot;src&quot;:&quot;\/content\/dam\/vi-brands\/DE\/Produkte\/Waermepumpen\/P-Gruppe-wp-Warmwasser.png\/_jcr_content\/renditions\/original.\/P-Gruppe-wp-Warmwasser.png&quot;},{&quot;mq&quot;:&quot;vi_asset_m&quot;,&quot;src&quot;:&quot;\/content\/dam\/vi-brands\/DE\/Produkte\/Waermepumpen\/P-Gruppe-wp-Warmwasser.png\/_jcr_content\/renditions\/original.image_file.250.155.file\/P-Gruppe-wp-Warmwasser.png&quot;},{&quot;mq&quot;:&quot;vi_asset_s&quot;,&quot;src&quot;:&quot;\/content\/dam\/vi-brands\/DE\/Produkte\/Waermepumpen\/P-Gruppe-wp-Warmwasser.png\/_jcr_content\/renditions\/original.image_file.135.84.file\/P-Gruppe-wp-Warmwasser.png&quot;}]\" \/><\/a><\/p>\n<h2 class=\"vi_headline_2\">Tepeln\u00e9 \u010derpadl\u00e1 na ohrev vody<\/h2>\n<p class=\"vi_additional_info\">Energiu obsiahnut\u00fa vo vzduchu v miestnosti dok\u00e1\u017eu modern\u00e9 tepeln\u00e9 \u010derpadl\u00e1 vyu\u017ei\u0165 na ohrev pitnej vody.<\/p>\n<p><a class=\"vi_prod_grp__tile\" href=\"http:\/\/www.viessmann.sk\/sk\/obytne-budovy\/tepelne-cerpadla\/velke-tepelne-cerpadla.html\" data-type=\"warmth\" data-source=\"geothermal_heat,power\"><img decoding=\"async\" class=\"vi_js_responsive_image\" src=\"http:\/\/www.viessmann.sk\/content\/dam\/vi-brands\/DE\/Produkte\/Waermepumpen\/P-Gruppe-wp-Gross.png\/_jcr_content\/renditions\/original.image_file.250.155.file\/P-Gruppe-wp-Gross.png\" alt=\"P-Gruppe-wp-Gross.png\" data-resp-src=\"[{&quot;mq&quot;:&quot;vi_asset_xl&quot;,&quot;src&quot;:&quot;\/content\/dam\/vi-brands\/DE\/Produkte\/Waermepumpen\/P-Gruppe-wp-Gross.png\/_jcr_content\/renditions\/original.\/P-Gruppe-wp-Gross.png&quot;},{&quot;mq&quot;:&quot;vi_asset_m&quot;,&quot;src&quot;:&quot;\/content\/dam\/vi-brands\/DE\/Produkte\/Waermepumpen\/P-Gruppe-wp-Gross.png\/_jcr_content\/renditions\/original.image_file.250.155.file\/P-Gruppe-wp-Gross.png&quot;},{&quot;mq&quot;:&quot;vi_asset_s&quot;,&quot;src&quot;:&quot;\/content\/dam\/vi-brands\/DE\/Produkte\/Waermepumpen\/P-Gruppe-wp-Gross.png\/_jcr_content\/renditions\/original.image_file.135.84.file\/P-Gruppe-wp-Gross.png&quot;}]\" \/><\/a><\/p>\n<h2 class=\"vi_headline_2\">Ve\u013ek\u00e9 tepeln\u00e9 \u010derpadl\u00e1<\/h2>\n<p class=\"vi_additional_info\">So svojim vysok\u00fdm v\u00fdkonom s\u00fa tieto tepeln\u00e9 \u010derpadl\u00e1 koncipovan\u00e9 pre v\u00e4\u010d\u0161ie obytn\u00e9 zariadenia \u010di komer\u010dn\u00e9 a \u017eivnostensk\u00e9 prev\u00e1dzky.<\/p>\n<p><a class=\"vi_prod_grp__tile\" href=\"http:\/\/www.viessmann.sk\/sk\/obytne-budovy\/tepelne-cerpadla\/natural-cooling-a-active-cooling.html\" data-type=\"cold\" data-source=\"geothermal_heat\"><img decoding=\"async\" class=\"vi_js_responsive_image\" src=\"http:\/\/www.viessmann.sk\/content\/dam\/vi-brands\/DE\/Produkte\/Waermepumpen\/P-Gruppe-wp-Cooling.png\/_jcr_content\/renditions\/original.image_file.250.155.file\/P-Gruppe-wp-Cooling.png\" alt=\"P-Gruppe-wp-Cooling.png\" data-resp-src=\"[{&quot;mq&quot;:&quot;vi_asset_xl&quot;,&quot;src&quot;:&quot;\/content\/dam\/vi-brands\/DE\/Produkte\/Waermepumpen\/P-Gruppe-wp-Cooling.png\/_jcr_content\/renditions\/original.\/P-Gruppe-wp-Cooling.png&quot;},{&quot;mq&quot;:&quot;vi_asset_m&quot;,&quot;src&quot;:&quot;\/content\/dam\/vi-brands\/DE\/Produkte\/Waermepumpen\/P-Gruppe-wp-Cooling.png\/_jcr_content\/renditions\/original.image_file.250.155.file\/P-Gruppe-wp-Cooling.png&quot;},{&quot;mq&quot;:&quot;vi_asset_s&quot;,&quot;src&quot;:&quot;\/content\/dam\/vi-brands\/DE\/Produkte\/Waermepumpen\/P-Gruppe-wp-Cooling.png\/_jcr_content\/renditions\/original.image_file.135.84.file\/P-Gruppe-wp-Cooling.png&quot;}]\" \/><\/a><\/p>\n<h2 class=\"vi_headline_2\">Natural cooling a Active cooling<\/h2>\n<p class=\"vi_additional_info\">Okrem vysok\u00e9ho tepeln\u00e9ho komfortu a spo\u013eahliv\u00e9ho ohrevu pitnej vody zabezpe\u010duj\u00fa tepeln\u00e9 \u010derpadl\u00e1 aj v tepl\u00fdch d\u0148och pr\u00edjemn\u00fa kl\u00edmu v miestnosti.<\/p>\n<\/div>\n","protected":false},"excerpt":{"rendered":"<p>Tepeln\u00e9 \u010derpadl\u00e1 Tepeln\u00e9 \u010derpadl\u00e1 s\u00fa prvou vo\u013ebou, ak chcem dosiahnu\u0165 s\u00fa\u010dasne \u00fasporu n\u00e1kladov na vykurovanie a ekologick\u00fa v\u00fdrobu tepla. Energiu, ktor\u00fa vyu\u017e\u00edva tepeln\u00e9 \u010derpadlo, poskytuje toti\u017e okolit\u00e9 prostredie zadarmo a v prakticky neobmedzenom mno\u017estve. Tento plnohodnotn\u00fd vykurovac\u00ed syst\u00e9m spotrebuje len mal\u00fd podiel elektriny na pohon a \u010derpadlo &#8211; aby tento tepeln\u00fd potenci\u00e1l mohol vyu\u017ei\u0165. Tepeln\u00e9 [&hellip;]<\/p>\n","protected":false},"author":1,"featured_media":0,"parent":7,"menu_order":0,"comment_status":"closed","ping_status":"closed","template":"","meta":{"spay_email":"","footnotes":""},"_links":{"self":[{"href":"https:\/\/bbheating.sk\/index.php?rest_route=\/wp\/v2\/pages\/328"}],"collection":[{"href":"https:\/\/bbheating.sk\/index.php?rest_route=\/wp\/v2\/pages"}],"about":[{"href":"https:\/\/bbheating.sk\/index.php?rest_route=\/wp\/v2\/types\/page"}],"author":[{"embeddable":true,"href":"https:\/\/bbheating.sk\/index.php?rest_route=\/wp\/v2\/users\/1"}],"replies":[{"embeddable":true,"href":"https:\/\/bbheating.sk\/index.php?rest_route=%2Fwp%2Fv2%2Fcomments&post=328"}],"version-history":[{"count":0,"href":"https:\/\/bbheating.sk\/index.php?rest_route=\/wp\/v2\/pages\/328\/revisions"}],"up":[{"embeddable":true,"href":"https:\/\/bbheating.sk\/index.php?rest_route=\/wp\/v2\/pages\/7"}],"wp:attachment":[{"href":"https:\/\/bbheating.sk\/index.php?rest_route=%2Fwp%2Fv2%2Fmedia&parent=328"}],"curies":[{"name":"wp","href":"https:\/\/api.w.org\/{rel}","templated":true}]}}